{"id":571,"date":"2024-09-01T12:22:12","date_gmt":"2024-09-01T12:22:12","guid":{"rendered":"https:\/\/he-stil.de\/?page_id=571"},"modified":"2025-01-24T14:38:20","modified_gmt":"2025-01-24T14:38:20","slug":"ueber-uns-2","status":"publish","type":"page","link":"https:\/\/he-stil.de\/?page_id=571","title":{"rendered":"\u00dcber uns"},"content":{"rendered":"\t\t<div data-elementor-type=\"wp-page\" data-elementor-id=\"571\" class=\"elementor elementor-571\" data-elementor-post-type=\"page\">\n\t\t\t\t<div class=\"elementor-element elementor-element-a2a2bb1 e-flex e-con-boxed e-con e-parent\" data-id=\"a2a2bb1\" data-element_type=\"container\" data-e-type=\"container\">\n\t\t\t\t\t<div class=\"e-con-inner\">\n\t\t<div class=\"elementor-element elementor-element-6b53fb5 e-con-full e-flex e-con e-child\" data-id=\"6b53fb5\" data-element_type=\"container\" data-e-type=\"container\">\n\t\t\t\t<div class=\"elementor-element elementor-element-e36223f elementor-widget elementor-widget-image\" data-id=\"e36223f\" data-element_type=\"widget\" data-e-type=\"widget\" data-widget_type=\"image.default\">\n\t\t\t\t<div class=\"elementor-widget-container\">\n\t\t\t\t\t\t\t\t\t\t\t\t\t\t\t<img fetchpriority=\"high\" decoding=\"async\" width=\"1000\" height=\"797\" src=\"https:\/\/he-stil.de\/wp-content\/uploads\/2024\/09\/langes-leben-Qigong2.jpeg\" class=\"attachment-large size-large wp-image-1006\" alt=\"\" srcset=\"https:\/\/he-stil.de\/wp-content\/uploads\/2024\/09\/langes-leben-Qigong2.jpeg 1000w, https:\/\/he-stil.de\/wp-content\/uploads\/2024\/09\/langes-leben-Qigong2-300x239.jpeg 300w, https:\/\/he-stil.de\/wp-content\/uploads\/2024\/09\/langes-leben-Qigong2-768x612.jpeg 768w\" sizes=\"(max-width: 1000px) 100vw, 1000px\" \/>\t\t\t\t\t\t\t\t\t\t\t\t\t\t\t<\/div>\n\t\t\t\t<\/div>\n\t\t\t\t<\/div>\n\t\t<div class=\"elementor-element elementor-element-87da829 e-con-full e-flex e-con e-child\" data-id=\"87da829\" data-element_type=\"container\" data-e-type=\"container\">\n\t\t\t\t<div class=\"elementor-element elementor-element-0580588 elementor-widget elementor-widget-text-editor\" data-id=\"0580588\" data-element_type=\"widget\" data-e-type=\"widget\" data-widget_type=\"text-editor.default\">\n\t\t\t\t<div class=\"elementor-widget-container\">\n\t\t\t\t\t\t\t\t\t<p><strong>\u201eTaiji ist keine Religion \u2013 <\/strong><br \/><strong>es ist eine Wissenschaft des Wohlbefindens, der Jugendlichkeit &#8211;<\/strong><br \/><strong>der Verbindung von K\u00f6rper, Geist und Seele\u201c<\/strong><\/p>\t\t\t\t\t\t\t\t<\/div>\n\t\t\t\t<\/div>\n\t\t\t\t<\/div>\n\t\t\t\t\t<\/div>\n\t\t\t\t<\/div>\n\t\t<div class=\"elementor-element elementor-element-b64fe9a e-flex e-con-boxed e-con e-parent\" data-id=\"b64fe9a\" data-element_type=\"container\" data-e-type=\"container\">\n\t\t\t\t\t<div class=\"e-con-inner\">\n\t\t\t\t<div class=\"elementor-element elementor-element-0505073 elementor-widget elementor-widget-text-editor\" data-id=\"0505073\" data-element_type=\"widget\" data-e-type=\"widget\" data-widget_type=\"text-editor.default\">\n\t\t\t\t<div class=\"elementor-widget-container\">\n\t\t\t\t\t\t\t\t\t<p>Der Bundesverband f\u00fcr He-Stil Taiji Quan und harmonische Gesundheit e.V. (BHHG) repr\u00e4sentiert, als einzige autorisierte Vertretung in Deutschland, im Weltverband des He Taiji Quan den He-Stil Taijiquan der Familie He aus Zhaobao (VR China), dem legend\u00e4ren Ursprung des Taiji Quan.<br \/>Mit unserem Angebot m\u00f6chten wir zur Bewahrung von Tradition, Philosophie und Weiterentwicklung des He-Stil Taijiquan beitragen, sowie durch gemeinsames \u00dcben die Gesundheit, Energie, Beweglichkeit und die Harmonie der Lernenden f\u00f6rdern.<br \/>Besonderen Wert legen wir hierbei auf eine komplexe und intensive Ausbildung durch von uns zertifizierte Trainer\/innen. <\/p>\t\t\t\t\t\t\t\t<\/div>\n\t\t\t\t<\/div>\n\t\t\t\t\t<\/div>\n\t\t\t\t<\/div>\n\t\t<div class=\"elementor-element elementor-element-7c76c8c e-flex e-con-boxed e-con e-parent\" data-id=\"7c76c8c\" data-element_type=\"container\" data-e-type=\"container\">\n\t\t\t\t\t<div class=\"e-con-inner\">\n\t\t\t\t<div class=\"elementor-element elementor-element-9ee4c36 elementor-widget elementor-widget-heading\" data-id=\"9ee4c36\" data-element_type=\"widget\" data-e-type=\"widget\" data-widget_type=\"heading.default\">\n\t\t\t\t<div class=\"elementor-widget-container\">\n\t\t\t\t\t<h2 class=\"elementor-heading-title elementor-size-default\">Mitgliedschaft und Fortbildung<\/h2>\t\t\t\t<\/div>\n\t\t\t\t<\/div>\n\t\t<div class=\"elementor-element elementor-element-6dbea65 e-con-full e-flex e-con e-child\" data-id=\"6dbea65\" data-element_type=\"container\" data-e-type=\"container\">\n\t\t\t\t<div class=\"elementor-element elementor-element-693080b elementor-widget elementor-widget-text-editor\" data-id=\"693080b\" data-element_type=\"widget\" data-e-type=\"widget\" data-widget_type=\"text-editor.default\">\n\t\t\t\t<div class=\"elementor-widget-container\">\n\t\t\t\t\t\t\t\t\t<p>Eine Mitgliedschaft in unserem Verein \/ Verband ist nicht zwingend notwendig. <br \/>Auch au\u00dferhalb unserer Akademie bieten unsere Trainer\/innen an ihren Standorten und\/oder \u00fcber regionale Bildungsanstalten (z.B. Volkshochschulen), qualifizierte Einf\u00fchrungs- \/ Grundkurse, sowie Probestunden an.<\/p><p>Eingetragenen Mitgliedern unseres Vereins stehen dar\u00fcber hinaus weitere qualifizierte Akademie-Angebote zu:\u00a0<br \/>&gt; weiterf\u00fchrenden Gruppenkursen an unseren Standorten, <br \/>&gt; individuellem Einzelunterricht,<br \/>&gt; abgestimmten Online-Kursen, sowie<br \/>&gt; einem Zugang zu exklusiven kostenlosen Lernvideos <br \/>zur Verf\u00fcgung.<\/p><p>Des Weiteren erm\u00f6glichen wir unseren Mitgliedern die Teilnahme an Seminaren und Workshops zu geb\u00fchrenerm\u00e4\u00dfigten Konditionen und organisieren Teilnahmen an Tai-Chi-Wettbewerben und Kulturaktivit\u00e4ten.<br \/>Wichtig ist uns hierbei immer die Kommunikation und der Austausch unserer aktiven Mitglieder, der Spa\u00df am gemeinsamen Lernen und einem freundschaftlich harmonischen Miteinander.<br \/>Dies verbunden mit der Aufgabe, den He-Stil Taiji Quan einem breiten Publikum vorzustellen und dabei die Entwicklung und Verbreitung dieses anerkannten Weltkulturerbes in seiner Gesamtheit zu f\u00f6rdern.<\/p><p>Dar\u00fcber hinaus bieten wir, durch unsere He-Taiji-Meisterin Li Lin, eine Weiterbildung und Qualifizierung zur He-Stil Taijiquan-Lehrkraft an.<br \/>Meisterin Li Lin repr\u00e4sentiert, als Sch\u00fclerin sowie Nachfolgerin in der 6. Generation von Gro\u00dfmeister Hou Erliang (5.Generation), im Weltverband des He Taiji Quan die einzige autorisierte deutsche Vertretung der He Taiji Akademie Wenxian.<\/p>\t\t\t\t\t\t\t\t<\/div>\n\t\t\t\t<\/div>\n\t\t\t\t<\/div>\n\t\t\t\t\t<\/div>\n\t\t\t\t<\/div>\n\t\t<div class=\"elementor-element elementor-element-b2dea34 e-flex e-con-boxed e-con e-parent\" data-id=\"b2dea34\" data-element_type=\"container\" data-e-type=\"container\">\n\t\t\t\t\t<div class=\"e-con-inner\">\n\t\t<div class=\"elementor-element elementor-element-7a3c216 e-con-full e-flex e-con e-child\" data-id=\"7a3c216\" data-element_type=\"container\" data-e-type=\"container\">\n\t\t\t\t<div class=\"elementor-element elementor-element-e952d3a elementor-widget elementor-widget-heading\" data-id=\"e952d3a\" data-element_type=\"widget\" data-e-type=\"widget\" data-widget_type=\"heading.default\">\n\t\t\t\t<div class=\"elementor-widget-container\">\n\t\t\t\t\t<h2 class=\"elementor-heading-title elementor-size-default\">Standorte<\/h2>\t\t\t\t<\/div>\n\t\t\t\t<\/div>\n\t\t\t\t<div class=\"elementor-element elementor-element-c1df539 elementor-widget elementor-widget-text-editor\" data-id=\"c1df539\" data-element_type=\"widget\" data-e-type=\"widget\" data-widget_type=\"text-editor.default\">\n\t\t\t\t<div class=\"elementor-widget-container\">\n\t\t\t\t\t\t\t\t\t<p>An den verschiedenen Standorten des BHHG bieten bestens qualifizierte Taijiquan-Lehrer\/innen verschiedene Kurse und Seminare an und freuen sich darauf, Sie auf Ihrem Weg zu einem Leben voller Energie und Wohlbefinden begleiten zu d\u00fcrfen.<\/p>\t\t\t\t\t\t\t\t<\/div>\n\t\t\t\t<\/div>\n\t\t\t\t<div class=\"elementor-element elementor-element-335171c elementor-align-center elementor-widget elementor-widget-button\" data-id=\"335171c\" data-element_type=\"widget\" data-e-type=\"widget\" data-widget_type=\"button.default\">\n\t\t\t\t<div class=\"elementor-widget-container\">\n\t\t\t\t\t\t\t\t\t<div class=\"elementor-button-wrapper\">\n\t\t\t\t\t<a class=\"elementor-button elementor-button-link elementor-size-sm\" href=\"https:\/\/he-stil.de\/?page_id=575\">\n\t\t\t\t\t\t<span class=\"elementor-button-content-wrapper\">\n\t\t\t\t\t\t<span class=\"elementor-button-icon\">\n\t\t\t\t<svg aria-hidden=\"true\" class=\"e-font-icon-svg e-fas-eye\" viewBox=\"0 0 576 512\" xmlns=\"http:\/\/www.w3.org\/2000\/svg\"><path d=\"M572.52 241.4C518.29 135.59 410.93 64 288 64S57.68 135.64 3.48 241.41a32.35 32.35 0 0 0 0 29.19C57.71 376.41 165.07 448 288 448s230.32-71.64 284.52-177.41a32.35 32.35 0 0 0 0-29.19zM288 400a144 144 0 1 1 144-144 143.93 143.93 0 0 1-144 144zm0-240a95.31 95.31 0 0 0-25.31 3.79 47.85 47.85 0 0 1-66.9 66.9A95.78 95.78 0 1 0 288 160z\"><\/path><\/svg>\t\t\t<\/span>\n\t\t\t\t\t\t\t\t\t<span class=\"elementor-button-text\">Zu den Standorten<\/span>\n\t\t\t\t\t<\/span>\n\t\t\t\t\t<\/a>\n\t\t\t\t<\/div>\n\t\t\t\t\t\t\t\t<\/div>\n\t\t\t\t<\/div>\n\t\t\t\t<div class=\"elementor-element elementor-element-943c691 elementor-widget elementor-widget-text-editor\" data-id=\"943c691\" data-element_type=\"widget\" data-e-type=\"widget\" data-widget_type=\"text-editor.default\">\n\t\t\t\t<div class=\"elementor-widget-container\">\n\t\t\t\t\t\t\t\t\t<p>Veranstaltungen wie z.B. Infotreffen \u00fcber Traditionelle Chinesische Medizin (TCM), Teilnahme an Taiji Quan Meisterschaften, Interkultureller Austausch und vieles mehr, runden unser Akademieangebot ab.<\/p>\t\t\t\t\t\t\t\t<\/div>\n\t\t\t\t<\/div>\n\t\t\t\t<\/div>\n\t\t<div class=\"elementor-element elementor-element-9fe3daa e-con-full e-flex e-con e-child\" data-id=\"9fe3daa\" data-element_type=\"container\" data-e-type=\"container\">\n\t\t\t\t<div class=\"elementor-element elementor-element-6eed4a1 elementor-widget elementor-widget-image\" data-id=\"6eed4a1\" data-element_type=\"widget\" data-e-type=\"widget\" data-widget_type=\"image.default\">\n\t\t\t\t<div class=\"elementor-widget-container\">\n\t\t\t\t\t\t\t\t\t\t\t\t\t\t\t<img decoding=\"async\" width=\"768\" height=\"529\" src=\"https:\/\/he-stil.de\/wp-content\/uploads\/2024\/09\/Slide_Unterricht_05-768x529.jpg\" class=\"attachment-medium_large size-medium_large wp-image-1017\" alt=\"\" srcset=\"https:\/\/he-stil.de\/wp-content\/uploads\/2024\/09\/Slide_Unterricht_05-768x529.jpg 768w, https:\/\/he-stil.de\/wp-content\/uploads\/2024\/09\/Slide_Unterricht_05-300x207.jpg 300w, https:\/\/he-stil.de\/wp-content\/uploads\/2024\/09\/Slide_Unterricht_05-1024x705.jpg 1024w, https:\/\/he-stil.de\/wp-content\/uploads\/2024\/09\/Slide_Unterricht_05-1536x1058.jpg 1536w, https:\/\/he-stil.de\/wp-content\/uploads\/2024\/09\/Slide_Unterricht_05.jpg 1878w\" sizes=\"(max-width: 768px) 100vw, 768px\" \/>\t\t\t\t\t\t\t\t\t\t\t\t\t\t\t<\/div>\n\t\t\t\t<\/div>\n\t\t\t\t<\/div>\n\t\t\t\t\t<\/div>\n\t\t\t\t<\/div>\n\t\t\t\t<\/div>\n\t\t","protected":false},"excerpt":{"rendered":"<p>\u201eTaiji ist keine Religion \u2013 es ist eine Wissenschaft des Wohlbefindens, der Jugendlichkeit &#8211;der Verbindung von K\u00f6rper, Geist und Seele\u201c Der Bundesverband f\u00fcr He-Stil Taiji Quan und harmonische Gesundheit e.V. (BHHG) repr\u00e4sentiert, als einzige autorisierte Vertretung in Deutschland, im Weltverband des He Taiji Quan den He-Stil Taijiquan der Familie He aus Zhaobao (VR China), dem [&hellip;]<\/p>\n","protected":false},"author":1,"featured_media":0,"parent":0,"menu_order":0,"comment_status":"closed","ping_status":"closed","template":"","meta":{"ocean_post_layout":"full-screen","ocean_both_sidebars_style":"","ocean_both_sidebars_content_width":0,"ocean_both_sidebars_sidebars_width":0,"ocean_sidebar":"","ocean_second_sidebar":"","ocean_disable_margins":"enable","ocean_add_body_class":"","ocean_shortcode_before_top_bar":"","ocean_shortcode_after_top_bar":"","ocean_shortcode_before_header":"","ocean_shortcode_after_header":"","ocean_has_shortcode":"","ocean_shortcode_after_title":"","ocean_shortcode_before_footer_widgets":"","ocean_shortcode_after_footer_widgets":"","ocean_shortcode_before_footer_bottom":"","ocean_shortcode_after_footer_bottom":"","ocean_display_top_bar":"off","ocean_display_header":"default","ocean_header_style":"","ocean_center_header_left_menu":"","ocean_custom_header_template":"","ocean_custom_logo":0,"ocean_custom_retina_logo":0,"ocean_custom_logo_max_width":0,"ocean_custom_logo_tablet_max_width":0,"ocean_custom_logo_mobile_max_width":0,"ocean_custom_logo_max_height":0,"ocean_custom_logo_tablet_max_height":0,"ocean_custom_logo_mobile_max_height":0,"ocean_header_custom_menu":"","ocean_menu_typo_font_family":"","ocean_menu_typo_font_subset":"","ocean_menu_typo_font_size":0,"ocean_menu_typo_font_size_tablet":0,"ocean_menu_typo_font_size_mobile":0,"ocean_menu_typo_font_size_unit":"px","ocean_menu_typo_font_weight":"","ocean_menu_typo_font_weight_tablet":"","ocean_menu_typo_font_weight_mobile":"","ocean_menu_typo_transform":"","ocean_menu_typo_transform_tablet":"","ocean_menu_typo_transform_mobile":"","ocean_menu_typo_line_height":0,"ocean_menu_typo_line_height_tablet":0,"ocean_menu_typo_line_height_mobile":0,"ocean_menu_typo_line_height_unit":"","ocean_menu_typo_spacing":0,"ocean_menu_typo_spacing_tablet":0,"ocean_menu_typo_spacing_mobile":0,"ocean_menu_typo_spacing_unit":"","ocean_menu_link_color":"","ocean_menu_link_color_hover":"","ocean_menu_link_color_active":"","ocean_menu_link_background":"","ocean_menu_link_hover_background":"","ocean_menu_link_active_background":"","ocean_menu_social_links_bg":"","ocean_menu_social_hover_links_bg":"","ocean_menu_social_links_color":"","ocean_menu_social_hover_links_color":"","ocean_disable_title":"on","ocean_disable_heading":"default","ocean_post_title":"","ocean_post_subheading":"","ocean_post_title_style":"","ocean_post_title_background_color":"","ocean_post_title_background":0,"ocean_post_title_bg_image_position":"","ocean_post_title_bg_image_attachment":"","ocean_post_title_bg_image_repeat":"","ocean_post_title_bg_image_size":"","ocean_post_title_height":0,"ocean_post_title_bg_overlay":0.5,"ocean_post_title_bg_overlay_color":"","ocean_disable_breadcrumbs":"default","ocean_breadcrumbs_color":"","ocean_breadcrumbs_separator_color":"","ocean_breadcrumbs_links_color":"","ocean_breadcrumbs_links_hover_color":"","ocean_display_footer_widgets":"off","ocean_display_footer_bottom":"off","ocean_custom_footer_template":"","footnotes":""},"class_list":["post-571","page","type-page","status-publish","hentry","entry"],"_links":{"self":[{"href":"https:\/\/he-stil.de\/index.php?rest_route=\/wp\/v2\/pages\/571","targetHints":{"allow":["GET"]}}],"collection":[{"href":"https:\/\/he-stil.de\/index.php?rest_route=\/wp\/v2\/pages"}],"about":[{"href":"https:\/\/he-stil.de\/index.php?rest_route=\/wp\/v2\/types\/page"}],"author":[{"embeddable":true,"href":"https:\/\/he-stil.de\/index.php?rest_route=\/wp\/v2\/users\/1"}],"replies":[{"embeddable":true,"href":"https:\/\/he-stil.de\/index.php?rest_route=%2Fwp%2Fv2%2Fcomments&post=571"}],"version-history":[{"count":65,"href":"https:\/\/he-stil.de\/index.php?rest_route=\/wp\/v2\/pages\/571\/revisions"}],"predecessor-version":[{"id":3032,"href":"https:\/\/he-stil.de\/index.php?rest_route=\/wp\/v2\/pages\/571\/revisions\/3032"}],"wp:attachment":[{"href":"https:\/\/he-stil.de\/index.php?rest_route=%2Fwp%2Fv2%2Fmedia&parent=571"}],"curies":[{"name":"wp","href":"https:\/\/api.w.org\/{rel}","templated":true}]}}