{"id":3844,"date":"2026-04-04T08:40:29","date_gmt":"2026-04-04T08:40:29","guid":{"rendered":"https:\/\/he-stil.de\/?page_id=3844"},"modified":"2026-04-04T10:09:08","modified_gmt":"2026-04-04T10:09:08","slug":"videos-links","status":"publish","type":"page","link":"https:\/\/he-stil.de\/?page_id=3844","title":{"rendered":"Video \/ Links"},"content":{"rendered":"\t\t<div data-elementor-type=\"wp-page\" data-elementor-id=\"3844\" class=\"elementor elementor-3844\" data-elementor-post-type=\"page\">\n\t\t\t\t<div class=\"elementor-element elementor-element-8a61b67 e-grid e-con-boxed e-con e-parent\" data-id=\"8a61b67\" data-element_type=\"container\" data-e-type=\"container\">\n\t\t\t\t\t<div class=\"e-con-inner\">\n\t\t\t\t<div class=\"elementor-element elementor-element-3ae1791 elementor-widget elementor-widget-image\" data-id=\"3ae1791\" data-element_type=\"widget\" data-e-type=\"widget\" data-widget_type=\"image.default\">\n\t\t\t\t<div class=\"elementor-widget-container\">\n\t\t\t\t\t\t\t\t\t\t\t\t\t\t\t<img decoding=\"async\" src=\"https:\/\/he-stil.de\/wp-content\/uploads\/elementor\/thumbs\/Klappe-He-Stil-Logo_TXT-rli6vkfx10qw30li8htsx43xzbpsale5lolcgahy9k.jpg\" title=\"Klappe He-Stil-Logo_TXT\" alt=\"Klappe He-Stil-Logo_TXT\" loading=\"lazy\" \/>\t\t\t\t\t\t\t\t\t\t\t\t\t\t\t<\/div>\n\t\t\t\t<\/div>\n\t\t\t\t<div class=\"elementor-element elementor-element-6823281 elementor-widget elementor-widget-text-editor\" data-id=\"6823281\" data-element_type=\"widget\" data-e-type=\"widget\" data-widget_type=\"text-editor.default\">\n\t\t\t\t<div class=\"elementor-widget-container\">\n\t\t\t\t\t\t\t\t\t<p>Hier finden Sie Links zu YouTube.<\/p><p>Diese leiten zu Videos von He-Stil Taijiquan-Formen und Qigong-\u00dcbungen.<br \/><br \/>Viel Spa\u00df und Erfolg beim Mitmachen.<\/p>\t\t\t\t\t\t\t\t<\/div>\n\t\t\t\t<\/div>\n\t\t\t\t\t<\/div>\n\t\t\t\t<\/div>\n\t\t<div class=\"elementor-element elementor-element-5a45cda e-flex e-con-boxed e-con e-parent\" data-id=\"5a45cda\" data-element_type=\"container\" data-e-type=\"container\">\n\t\t\t\t\t<div class=\"e-con-inner\">\n\t\t<div class=\"elementor-element elementor-element-49aa4e3 e-con-full e-flex e-con e-child\" data-id=\"49aa4e3\" data-element_type=\"container\" data-e-type=\"container\">\n\t\t\t\t<div class=\"elementor-element elementor-element-bc15223 elementor-widget elementor-widget-image\" data-id=\"bc15223\" data-element_type=\"widget\" data-e-type=\"widget\" data-widget_type=\"image.default\">\n\t\t\t\t<div class=\"elementor-widget-container\">\n\t\t\t\t\t\t\t\t\t\t\t\t\t\t\t<img decoding=\"async\" width=\"150\" height=\"150\" src=\"https:\/\/he-stil.de\/wp-content\/uploads\/2026\/04\/Qigong_Zellen-Entgiftung-und-Regenerierung-400x400-1-150x150.jpg\" class=\"attachment-thumbnail size-thumbnail wp-image-3854\" alt=\"\" srcset=\"https:\/\/he-stil.de\/wp-content\/uploads\/2026\/04\/Qigong_Zellen-Entgiftung-und-Regenerierung-400x400-1-150x150.jpg 150w, https:\/\/he-stil.de\/wp-content\/uploads\/2026\/04\/Qigong_Zellen-Entgiftung-und-Regenerierung-400x400-1-300x300.jpg 300w, https:\/\/he-stil.de\/wp-content\/uploads\/2026\/04\/Qigong_Zellen-Entgiftung-und-Regenerierung-400x400-1.jpg 400w\" sizes=\"(max-width: 150px) 100vw, 150px\" \/>\t\t\t\t\t\t\t\t\t\t\t\t\t\t\t<\/div>\n\t\t\t\t<\/div>\n\t\t\t\t<\/div>\n\t\t<div class=\"elementor-element elementor-element-559e6e3 e-con-full e-flex e-con e-child\" data-id=\"559e6e3\" data-element_type=\"container\" data-e-type=\"container\">\n\t\t\t\t<div class=\"elementor-element elementor-element-241efbe elementor-widget elementor-widget-text-editor\" data-id=\"241efbe\" data-element_type=\"widget\" data-e-type=\"widget\" data-widget_type=\"text-editor.default\">\n\t\t\t\t<div class=\"elementor-widget-container\">\n\t\t\t\t\t\t\t\t\t<p>Qigong-\u00dcbung<br \/>Zellen-Entgiftung und Regenerierung<\/p><p><a href=\"https:\/\/www.youtube.com\/watch?v=rXOB3V7GPCg\" target=\"_blank\" rel=\"noopener\">https:\/\/www.youtube.com\/watch?v=rXOB3V7GPCg<\/a><\/p>\t\t\t\t\t\t\t\t<\/div>\n\t\t\t\t<\/div>\n\t\t\t\t<\/div>\n\t\t\t\t\t<\/div>\n\t\t\t\t<\/div>\n\t\t<div class=\"elementor-element elementor-element-4e5bd91 e-flex e-con-boxed e-con e-parent\" data-id=\"4e5bd91\" data-element_type=\"container\" data-e-type=\"container\">\n\t\t\t\t\t<div class=\"e-con-inner\">\n\t\t<div class=\"elementor-element elementor-element-48300b2 e-con-full e-flex e-con e-child\" data-id=\"48300b2\" data-element_type=\"container\" data-e-type=\"container\">\n\t\t\t\t<div class=\"elementor-element elementor-element-810d95d elementor-widget elementor-widget-image\" data-id=\"810d95d\" data-element_type=\"widget\" data-e-type=\"widget\" data-widget_type=\"image.default\">\n\t\t\t\t<div class=\"elementor-widget-container\">\n\t\t\t\t\t\t\t\t\t\t\t\t\t\t\t<img decoding=\"async\" width=\"150\" height=\"150\" src=\"https:\/\/he-stil.de\/wp-content\/uploads\/2026\/04\/Qigong_Klopfuebungen-fuer-den-Energiefluss-400x400px-150x150.jpg\" class=\"attachment-thumbnail size-thumbnail wp-image-3855\" alt=\"\" srcset=\"https:\/\/he-stil.de\/wp-content\/uploads\/2026\/04\/Qigong_Klopfuebungen-fuer-den-Energiefluss-400x400px-150x150.jpg 150w, https:\/\/he-stil.de\/wp-content\/uploads\/2026\/04\/Qigong_Klopfuebungen-fuer-den-Energiefluss-400x400px-300x300.jpg 300w, https:\/\/he-stil.de\/wp-content\/uploads\/2026\/04\/Qigong_Klopfuebungen-fuer-den-Energiefluss-400x400px.jpg 400w\" sizes=\"(max-width: 150px) 100vw, 150px\" \/>\t\t\t\t\t\t\t\t\t\t\t\t\t\t\t<\/div>\n\t\t\t\t<\/div>\n\t\t\t\t<\/div>\n\t\t<div class=\"elementor-element elementor-element-ab67711 e-con-full e-flex e-con e-child\" data-id=\"ab67711\" data-element_type=\"container\" data-e-type=\"container\">\n\t\t\t\t<div class=\"elementor-element elementor-element-13e8ed2 elementor-widget elementor-widget-text-editor\" data-id=\"13e8ed2\" data-element_type=\"widget\" data-e-type=\"widget\" data-widget_type=\"text-editor.default\">\n\t\t\t\t<div class=\"elementor-widget-container\">\n\t\t\t\t\t\t\t\t\t<p>Qigong-\u00dcbung<br \/>Klopf\u00fcbungen f\u00fcr den Energiefluss<br \/><br \/><a href=\"https:\/\/www.youtube.com\/shorts\/EJmaTOInXGA\" target=\"_blank\" rel=\"noopener\">https:\/\/www.youtube.com\/shorts\/EJmaTOInXGA<\/a><\/p>\t\t\t\t\t\t\t\t<\/div>\n\t\t\t\t<\/div>\n\t\t\t\t<\/div>\n\t\t\t\t\t<\/div>\n\t\t\t\t<\/div>\n\t\t\t\t<\/div>\n\t\t","protected":false},"excerpt":{"rendered":"<p>Hier finden Sie Links zu YouTube. Diese leiten zu Videos von He-Stil Taijiquan-Formen und Qigong-\u00dcbungen. Viel Spa\u00df und Erfolg beim Mitmachen. Qigong-\u00dcbungZellen-Entgiftung und Regenerierung https:\/\/www.youtube.com\/watch?v=rXOB3V7GPCg Qigong-\u00dcbungKlopf\u00fcbungen f\u00fcr den Energiefluss https:\/\/www.youtube.com\/shorts\/EJmaTOInXGA<\/p>\n","protected":false},"author":1,"featured_media":0,"parent":0,"menu_order":0,"comment_status":"closed","ping_status":"closed","template":"","meta":{"ocean_post_layout":"full-screen","ocean_both_sidebars_style":"","ocean_both_sidebars_content_width":0,"ocean_both_sidebars_sidebars_width":0,"ocean_sidebar":"","ocean_second_sidebar":"","ocean_disable_margins":"enable","ocean_add_body_class":"","ocean_shortcode_before_top_bar":"","ocean_shortcode_after_top_bar":"","ocean_shortcode_before_header":"","ocean_shortcode_after_header":"","ocean_has_shortcode":"","ocean_shortcode_after_title":"","ocean_shortcode_before_footer_widgets":"","ocean_shortcode_after_footer_widgets":"","ocean_shortcode_before_footer_bottom":"","ocean_shortcode_after_footer_bottom":"","ocean_display_top_bar":"off","ocean_display_header":"default","ocean_header_style":"","ocean_center_header_left_menu":"","ocean_custom_header_template":"","ocean_custom_logo":0,"ocean_custom_retina_logo":0,"ocean_custom_logo_max_width":0,"ocean_custom_logo_tablet_max_width":0,"ocean_custom_logo_mobile_max_width":0,"ocean_custom_logo_max_height":0,"ocean_custom_logo_tablet_max_height":0,"ocean_custom_logo_mobile_max_height":0,"ocean_header_custom_menu":"","ocean_menu_typo_font_family":"","ocean_menu_typo_font_subset":"","ocean_menu_typo_font_size":0,"ocean_menu_typo_font_size_tablet":0,"ocean_menu_typo_font_size_mobile":0,"ocean_menu_typo_font_size_unit":"px","ocean_menu_typo_font_weight":"","ocean_menu_typo_font_weight_tablet":"","ocean_menu_typo_font_weight_mobile":"","ocean_menu_typo_transform":"","ocean_menu_typo_transform_tablet":"","ocean_menu_typo_transform_mobile":"","ocean_menu_typo_line_height":0,"ocean_menu_typo_line_height_tablet":0,"ocean_menu_typo_line_height_mobile":0,"ocean_menu_typo_line_height_unit":"","ocean_menu_typo_spacing":0,"ocean_menu_typo_spacing_tablet":0,"ocean_menu_typo_spacing_mobile":0,"ocean_menu_typo_spacing_unit":"","ocean_menu_link_color":"","ocean_menu_link_color_hover":"","ocean_menu_link_color_active":"","ocean_menu_link_background":"","ocean_menu_link_hover_background":"","ocean_menu_link_active_background":"","ocean_menu_social_links_bg":"","ocean_menu_social_hover_links_bg":"","ocean_menu_social_links_color":"","ocean_menu_social_hover_links_color":"","ocean_disable_title":"on","ocean_disable_heading":"default","ocean_post_title":"","ocean_post_subheading":"","ocean_post_title_style":"","ocean_post_title_background_color":"","ocean_post_title_background":0,"ocean_post_title_bg_image_position":"","ocean_post_title_bg_image_attachment":"","ocean_post_title_bg_image_repeat":"","ocean_post_title_bg_image_size":"","ocean_post_title_height":0,"ocean_post_title_bg_overlay":0.5,"ocean_post_title_bg_overlay_color":"","ocean_disable_breadcrumbs":"default","ocean_breadcrumbs_color":"","ocean_breadcrumbs_separator_color":"","ocean_breadcrumbs_links_color":"","ocean_breadcrumbs_links_hover_color":"","ocean_display_footer_widgets":"off","ocean_display_footer_bottom":"off","ocean_custom_footer_template":"","footnotes":""},"class_list":["post-3844","page","type-page","status-publish","hentry","entry"],"_links":{"self":[{"href":"https:\/\/he-stil.de\/index.php?rest_route=\/wp\/v2\/pages\/3844","targetHints":{"allow":["GET"]}}],"collection":[{"href":"https:\/\/he-stil.de\/index.php?rest_route=\/wp\/v2\/pages"}],"about":[{"href":"https:\/\/he-stil.de\/index.php?rest_route=\/wp\/v2\/types\/page"}],"author":[{"embeddable":true,"href":"https:\/\/he-stil.de\/index.php?rest_route=\/wp\/v2\/users\/1"}],"replies":[{"embeddable":true,"href":"https:\/\/he-stil.de\/index.php?rest_route=%2Fwp%2Fv2%2Fcomments&post=3844"}],"version-history":[{"count":23,"href":"https:\/\/he-stil.de\/index.php?rest_route=\/wp\/v2\/pages\/3844\/revisions"}],"predecessor-version":[{"id":3875,"href":"https:\/\/he-stil.de\/index.php?rest_route=\/wp\/v2\/pages\/3844\/revisions\/3875"}],"wp:attachment":[{"href":"https:\/\/he-stil.de\/index.php?rest_route=%2Fwp%2Fv2%2Fmedia&parent=3844"}],"curies":[{"name":"wp","href":"https:\/\/api.w.org\/{rel}","templated":true}]}}