{"id":3636,"date":"2026-01-17T13:52:14","date_gmt":"2026-01-17T13:52:14","guid":{"rendered":"https:\/\/he-stil.de\/?page_id=3636"},"modified":"2026-04-10T07:15:27","modified_gmt":"2026-04-10T07:15:27","slug":"2026-02","status":"publish","type":"page","link":"https:\/\/he-stil.de\/?page_id=3636","title":{"rendered":"2026.02 Crailsheim"},"content":{"rendered":"\t\t<div data-elementor-type=\"wp-page\" data-elementor-id=\"3636\" class=\"elementor elementor-3636\" data-elementor-post-type=\"page\">\n\t\t\t\t<div class=\"elementor-element elementor-element-0a0411a e-flex e-con-boxed e-con e-parent\" data-id=\"0a0411a\" data-element_type=\"container\" data-e-type=\"container\">\n\t\t\t\t\t<div class=\"e-con-inner\">\n\t\t\t\t<div class=\"elementor-element elementor-element-e2a6f9c elementor-widget elementor-widget-heading\" data-id=\"e2a6f9c\" data-element_type=\"widget\" data-e-type=\"widget\" data-widget_type=\"heading.default\">\n\t\t\t\t<div class=\"elementor-widget-container\">\n\t\t\t\t\t<h2 class=\"elementor-heading-title elementor-size-default\">Februar 2026<\/h2>\t\t\t\t<\/div>\n\t\t\t\t<\/div>\n\t\t\t\t\t<\/div>\n\t\t\t\t<\/div>\n\t\t<div class=\"elementor-element elementor-element-fb90547 e-flex e-con-boxed e-con e-parent\" data-id=\"fb90547\" data-element_type=\"container\" data-e-type=\"container\">\n\t\t\t\t\t<div class=\"e-con-inner\">\n\t\t<div class=\"elementor-element elementor-element-141773d e-grid e-con-full e-con e-child\" data-id=\"141773d\" data-element_type=\"container\" data-e-type=\"container\">\n\t\t\t\t<div class=\"elementor-element elementor-element-315aea4 elementor-widget elementor-widget-text-editor\" data-id=\"315aea4\" data-element_type=\"widget\" data-e-type=\"widget\" data-widget_type=\"text-editor.default\">\n\t\t\t\t<div class=\"elementor-widget-container\">\n\t\t\t\t\t\t\t\t\t<p>18.02.2026 \/ 18:00 &#8211; 19:30 Uhr<br \/>Konrad-Biesalski-Schule, Bewegungsraum<br \/><a title=\"Konrad-Biesalski-Schule, Bewegungsraum In Goole Maps anzeigen\" href=\"https:\/\/maps.google.de\/maps?f=q&amp;source=s_q&amp;hl=de&amp;geocode=&amp;q=Kurt-Schumacher-Str.%2077,74564%20Crailsheim\" target=\"_blank\" rel=\"noopener\"><i class=\"fa fa-map-marker\"><\/i>\u00a0Kurt-Schumacher-Str. 77, 74564 Crailsheim<\/a><\/p><p>TAI CHI f\u00fcr Jedermann<br \/><span style=\"text-decoration: underline;\"><em><a href=\"https:\/\/www.vhs-crailsheim.de\/programm\/kurssuche\/kurs\/Tai-Chi-fuer-Jedermann\/Z301450\" target=\"_blank\" rel=\"noopener\">&gt;Link zur Anmeldung&lt;<\/a><\/em><\/span><\/p>\t\t\t\t\t\t\t\t<\/div>\n\t\t\t\t<\/div>\n\t\t\t\t<div class=\"elementor-element elementor-element-310d161 elementor-widget elementor-widget-text-editor\" data-id=\"310d161\" data-element_type=\"widget\" data-e-type=\"widget\" data-widget_type=\"text-editor.default\">\n\t\t\t\t<div class=\"elementor-widget-container\">\n\t\t\t\t\t\t\t\t\t<p>Der He-Stil des Tai Chi Chuan geh\u00f6rt in China zu den gro\u00dfen Tai Chi-Stilen, ist bei uns jedoch noch weitgehend unbekannt. Dieser Stil wird unverf\u00e4lscht praktiziert und nicht an westliche Vorstellungen angepasst. <br \/>In diesem Kurs lernen wir die angenehmen, kreisrunden Bewegungen kennen, die auf die k\u00f6rperlichen Bed\u00fcrfnisse abgestimmt sind und nach der Tai Chi-Theorie von Yin und Yang ausgerichtet werden. <br \/>Die \u00dcbungen st\u00e4rken den gesamten K\u00f6rper, lockern die Gelenke und machen sie beweglicher. Blockaden im K\u00f6rper k\u00f6nnen sich l\u00f6sen, was sich positiv auf die Gesundheit auswirken kann. Im Kurs stehen die Intensit\u00e4t und die Wirkung jeder einzelnen Form im Vordergrund.<\/p>\t\t\t\t\t\t\t\t<\/div>\n\t\t\t\t<\/div>\n\t\t\t\t<\/div>\n\t\t\t\t\t<\/div>\n\t\t\t\t<\/div>\n\t\t<div class=\"elementor-element elementor-element-8eca252 e-flex e-con-boxed e-con e-parent\" data-id=\"8eca252\" data-element_type=\"container\" data-e-type=\"container\">\n\t\t\t\t\t<div class=\"e-con-inner\">\n\t\t<div class=\"elementor-element elementor-element-212c6ea e-grid e-con-full e-con e-child\" data-id=\"212c6ea\" data-element_type=\"container\" data-e-type=\"container\">\n\t\t\t\t<div class=\"elementor-element elementor-element-0b9be5a elementor-widget elementor-widget-text-editor\" data-id=\"0b9be5a\" data-element_type=\"widget\" data-e-type=\"widget\" data-widget_type=\"text-editor.default\">\n\t\t\t\t<div class=\"elementor-widget-container\">\n\t\t\t\t\t\t\t\t\t<p>21.02.2026 \/ 14:00 &#8211; 18:00 Uhr<br \/>K\u00e4the-Kollwitz-Schule, Turnhalle<br \/><a title=\"K\u00e4the-Kollwitz-Schule, Turnhalle In Goole Maps anzeigen\" href=\"https:\/\/maps.google.de\/maps?f=q&amp;source=s_q&amp;hl=de&amp;geocode=&amp;q=Salzburger%20Stra%C3%9Fe%2032,74564%20Crailsheim\" target=\"_blank\" rel=\"noopener\"><i class=\"fa fa-map-marker\"><\/i>\u00a0Salzburger Stra\u00dfe 32, 74564 Crailsheim<\/a><\/p><p>WORKSHOP: Qigong f\u00fcr Anf\u00e4nger**innen<br \/><span style=\"text-decoration: underline;\"><em><a href=\"https:\/\/www.vhs-crailsheim.de\/programm\/kurssuche\/kurs\/Workshop-Qigong-fuer-Anfaengerinnen\/Z301420\" target=\"_blank\" rel=\"noopener\">&gt;Link zur Anmeldung&lt;<\/a><\/em><\/span><\/p>\t\t\t\t\t\t\t\t<\/div>\n\t\t\t\t<\/div>\n\t\t\t\t<div class=\"elementor-element elementor-element-a99d1e7 elementor-widget elementor-widget-text-editor\" data-id=\"a99d1e7\" data-element_type=\"widget\" data-e-type=\"widget\" data-widget_type=\"text-editor.default\">\n\t\t\t\t<div class=\"elementor-widget-container\">\n\t\t\t\t\t\t\t\t\t<p>In diesem Workshop f\u00fcr Anf\u00e4ngerinnen und Anf\u00e4nger n\u00e4hern wir uns gemeinsam mit der chinesischen Meisterin Li Lin den \u00dcbungen des Qigong, dem He-Stil des Tai Chi sowie der Harmonie von Yin und Yang. <br \/>Die weichen, langsamen Bewegungen des Qigong und die flie\u00dfenden \u00dcberg\u00e4nge zwischen Bewegung und Stille f\u00f6rdern nicht nur die Beweglichkeit und Flexibilit\u00e4t, sondern auch die innere Ausgeglichenheit. <br \/>Die sanften \u00dcbungen sind f\u00fcr Menschen jeden Alters geeignet und tragen dazu bei, K\u00f6rper, Geist und Energie in Einklang zu bringen. Teilnehmerinnen und Teilnehmer k\u00f6nnen sp\u00fcren, wie Ruhe, Konzentration und harmonische Bewegungsabl\u00e4ufe miteinander verbunden werden.<\/p>\t\t\t\t\t\t\t\t<\/div>\n\t\t\t\t<\/div>\n\t\t\t\t<\/div>\n\t\t\t\t\t<\/div>\n\t\t\t\t<\/div>\n\t\t<div class=\"elementor-element elementor-element-e46ce33 e-flex e-con-boxed e-con e-parent\" data-id=\"e46ce33\" data-element_type=\"container\" data-e-type=\"container\">\n\t\t\t\t\t<div class=\"e-con-inner\">\n\t\t<div class=\"elementor-element elementor-element-afa08a9 e-grid e-con-full e-con e-child\" data-id=\"afa08a9\" data-element_type=\"container\" data-e-type=\"container\">\n\t\t\t\t<div class=\"elementor-element elementor-element-938d126 elementor-widget elementor-widget-text-editor\" data-id=\"938d126\" data-element_type=\"widget\" data-e-type=\"widget\" data-widget_type=\"text-editor.default\">\n\t\t\t\t<div class=\"elementor-widget-container\">\n\t\t\t\t\t\t\t\t\t<p>22.02.2026 \/ 09:00 &#8211; 16:00 Uhr<br \/>K\u00e4the-Kollwitz-Schule, Turnhalle<br \/><a title=\"K\u00e4the-Kollwitz-Schule, Turnhalle In Goole Maps anzeigen\" href=\"https:\/\/maps.google.de\/maps?f=q&amp;source=s_q&amp;hl=de&amp;geocode=&amp;q=Salzburger%20Stra%C3%9Fe%2032,74564%20Crailsheim\" target=\"_blank\" rel=\"noopener\"><i class=\"fa fa-map-marker\"><\/i>\u00a0Salzburger Stra\u00dfe 32, 74564 Crailsheim<\/a><\/p><p>WORKSHOP: <br \/>TAI CHI Grund\u00fcbungen im He-Stil<br \/>f\u00fcr Anf\u00e4nger**innen und Fortgeschrittene\u00a0<br \/><span style=\"text-decoration: underline;\"><em><a href=\"https:\/\/www.vhs-crailsheim.de\/programm\/kurssuche\/kurs\/Workshop-Tai-Chi-Grunduebungen-im-He-Stil-fuer-Anfaenger-und-Fortgeschrittene\/Z301460\" target=\"_blank\" rel=\"noopener\">&gt;Link zur Anmeldung&lt;<\/a><\/em><\/span><\/p>\t\t\t\t\t\t\t\t<\/div>\n\t\t\t\t<\/div>\n\t\t\t\t<div class=\"elementor-element elementor-element-d28815d elementor-widget elementor-widget-text-editor\" data-id=\"d28815d\" data-element_type=\"widget\" data-e-type=\"widget\" data-widget_type=\"text-editor.default\">\n\t\t\t\t<div class=\"elementor-widget-container\">\n\t\t\t\t\t\t\t\t\t<p>In diesem Workshop n\u00e4hern wir uns gemeinsam mit der chinesischen Meisterin Li Lin den Grund\u00fcbungen des Tai Chi im He-Stil sowie den 8- bis 24-Formen, die die Harmonie von Yin und Yang widerspiegeln.<br \/>Die weichen, langsamen Bewegungen und die bewussten \u00dcberg\u00e4nge zwischen Aktivit\u00e4t und Stille f\u00f6rdern sowohl die Beweglichkeit und Flexibilit\u00e4t als auch die innere Ausgeglichenheit. <br \/>Die sanften \u00dcbungen sind f\u00fcr Menschen jeden Alters geeignet und unterst\u00fctzen die K\u00f6rperwahrnehmung, Konzentration und Entspannung. <br \/>Der Workshop richtet sich gleicherma\u00dfen an Anf\u00e4nger*innen, die die Grundlagen kennenlernen m\u00f6chten, und an Fortgeschrittene, die ihre Praxis vertiefen wollen.<\/p>\t\t\t\t\t\t\t\t<\/div>\n\t\t\t\t<\/div>\n\t\t\t\t<\/div>\n\t\t\t\t\t<\/div>\n\t\t\t\t<\/div>\n\t\t\t\t<\/div>\n\t\t","protected":false},"excerpt":{"rendered":"<p>Februar 2026 18.02.2026 \/ 18:00 &#8211; 19:30 UhrKonrad-Biesalski-Schule, Bewegungsraum\u00a0Kurt-Schumacher-Str. 77, 74564 Crailsheim TAI CHI f\u00fcr Jedermann&gt;Link zur Anmeldung&lt; Der He-Stil des Tai Chi Chuan geh\u00f6rt in China zu den gro\u00dfen Tai Chi-Stilen, ist bei uns jedoch noch weitgehend unbekannt. Dieser Stil wird unverf\u00e4lscht praktiziert und nicht an westliche Vorstellungen angepasst. In diesem Kurs lernen wir [&hellip;]<\/p>\n","protected":false},"author":1,"featured_media":0,"parent":0,"menu_order":0,"comment_status":"closed","ping_status":"closed","template":"","meta":{"ocean_post_layout":"full-screen","ocean_both_sidebars_style":"","ocean_both_sidebars_content_width":0,"ocean_both_sidebars_sidebars_width":0,"ocean_sidebar":"","ocean_second_sidebar":"","ocean_disable_margins":"enable","ocean_add_body_class":"","ocean_shortcode_before_top_bar":"","ocean_shortcode_after_top_bar":"","ocean_shortcode_before_header":"","ocean_shortcode_after_header":"","ocean_has_shortcode":"","ocean_shortcode_after_title":"","ocean_shortcode_before_footer_widgets":"","ocean_shortcode_after_footer_widgets":"","ocean_shortcode_before_footer_bottom":"","ocean_shortcode_after_footer_bottom":"","ocean_display_top_bar":"off","ocean_display_header":"default","ocean_header_style":"","ocean_center_header_left_menu":"","ocean_custom_header_template":"","ocean_custom_logo":0,"ocean_custom_retina_logo":0,"ocean_custom_logo_max_width":0,"ocean_custom_logo_tablet_max_width":0,"ocean_custom_logo_mobile_max_width":0,"ocean_custom_logo_max_height":0,"ocean_custom_logo_tablet_max_height":0,"ocean_custom_logo_mobile_max_height":0,"ocean_header_custom_menu":"","ocean_menu_typo_font_family":"","ocean_menu_typo_font_subset":"","ocean_menu_typo_font_size":0,"ocean_menu_typo_font_size_tablet":0,"ocean_menu_typo_font_size_mobile":0,"ocean_menu_typo_font_size_unit":"px","ocean_menu_typo_font_weight":"","ocean_menu_typo_font_weight_tablet":"","ocean_menu_typo_font_weight_mobile":"","ocean_menu_typo_transform":"","ocean_menu_typo_transform_tablet":"","ocean_menu_typo_transform_mobile":"","ocean_menu_typo_line_height":0,"ocean_menu_typo_line_height_tablet":0,"ocean_menu_typo_line_height_mobile":0,"ocean_menu_typo_line_height_unit":"","ocean_menu_typo_spacing":0,"ocean_menu_typo_spacing_tablet":0,"ocean_menu_typo_spacing_mobile":0,"ocean_menu_typo_spacing_unit":"","ocean_menu_link_color":"","ocean_menu_link_color_hover":"","ocean_menu_link_color_active":"","ocean_menu_link_background":"","ocean_menu_link_hover_background":"","ocean_menu_link_active_background":"","ocean_menu_social_links_bg":"","ocean_menu_social_hover_links_bg":"","ocean_menu_social_links_color":"","ocean_menu_social_hover_links_color":"","ocean_disable_title":"on","ocean_disable_heading":"default","ocean_post_title":"","ocean_post_subheading":"","ocean_post_title_style":"","ocean_post_title_background_color":"","ocean_post_title_background":0,"ocean_post_title_bg_image_position":"","ocean_post_title_bg_image_attachment":"","ocean_post_title_bg_image_repeat":"","ocean_post_title_bg_image_size":"","ocean_post_title_height":0,"ocean_post_title_bg_overlay":0.5,"ocean_post_title_bg_overlay_color":"","ocean_disable_breadcrumbs":"default","ocean_breadcrumbs_color":"","ocean_breadcrumbs_separator_color":"","ocean_breadcrumbs_links_color":"","ocean_breadcrumbs_links_hover_color":"","ocean_display_footer_widgets":"off","ocean_display_footer_bottom":"off","ocean_custom_footer_template":"","footnotes":""},"class_list":["post-3636","page","type-page","status-publish","hentry","entry"],"_links":{"self":[{"href":"https:\/\/he-stil.de\/index.php?rest_route=\/wp\/v2\/pages\/3636","targetHints":{"allow":["GET"]}}],"collection":[{"href":"https:\/\/he-stil.de\/index.php?rest_route=\/wp\/v2\/pages"}],"about":[{"href":"https:\/\/he-stil.de\/index.php?rest_route=\/wp\/v2\/types\/page"}],"author":[{"embeddable":true,"href":"https:\/\/he-stil.de\/index.php?rest_route=\/wp\/v2\/users\/1"}],"replies":[{"embeddable":true,"href":"https:\/\/he-stil.de\/index.php?rest_route=%2Fwp%2Fv2%2Fcomments&post=3636"}],"version-history":[{"count":6,"href":"https:\/\/he-stil.de\/index.php?rest_route=\/wp\/v2\/pages\/3636\/revisions"}],"predecessor-version":[{"id":3930,"href":"https:\/\/he-stil.de\/index.php?rest_route=\/wp\/v2\/pages\/3636\/revisions\/3930"}],"wp:attachment":[{"href":"https:\/\/he-stil.de\/index.php?rest_route=%2Fwp%2Fv2%2Fmedia&parent=3636"}],"curies":[{"name":"wp","href":"https:\/\/api.w.org\/{rel}","templated":true}]}}