{"id":2746,"date":"2024-12-27T08:59:46","date_gmt":"2024-12-27T08:59:46","guid":{"rendered":"https:\/\/he-stil.de\/?page_id=2746"},"modified":"2025-02-07T14:16:28","modified_gmt":"2025-02-07T14:16:28","slug":"mitgliedsantrag","status":"publish","type":"page","link":"https:\/\/he-stil.de\/?page_id=2746","title":{"rendered":"Mitgliedsantrag"},"content":{"rendered":"\t\t<div data-elementor-type=\"wp-page\" data-elementor-id=\"2746\" class=\"elementor elementor-2746\" data-elementor-post-type=\"page\">\n\t\t\t\t<div class=\"elementor-element elementor-element-dc1370c e-flex e-con-boxed e-con e-parent\" data-id=\"dc1370c\" data-element_type=\"container\" data-e-type=\"container\">\n\t\t\t\t\t<div class=\"e-con-inner\">\n\t\t\t\t<div class=\"elementor-element elementor-element-d42e683 elementor-widget elementor-widget-heading\" data-id=\"d42e683\" data-element_type=\"widget\" data-e-type=\"widget\" data-widget_type=\"heading.default\">\n\t\t\t\t<div class=\"elementor-widget-container\">\n\t\t\t\t\t<h2 class=\"elementor-heading-title elementor-size-default\">Mitgliedsantrag<\/h2>\t\t\t\t<\/div>\n\t\t\t\t<\/div>\n\t\t\t\t\t<\/div>\n\t\t\t\t<\/div>\n\t\t<div class=\"elementor-element elementor-element-8560451 e-flex e-con-boxed e-con e-parent\" data-id=\"8560451\" data-element_type=\"container\" data-e-type=\"container\">\n\t\t\t\t\t<div class=\"e-con-inner\">\n\t\t\t\t<div class=\"elementor-element elementor-element-e99d6f3 elementor-widget elementor-widget-text-editor\" data-id=\"e99d6f3\" data-element_type=\"widget\" data-e-type=\"widget\" data-widget_type=\"text-editor.default\">\n\t\t\t\t<div class=\"elementor-widget-container\">\n\t\t\t\t\t\t\t\t\t<p>Taijiquan He-Stil gew\u00e4hrleistet eine ausgewogene Verbindung von Geist, K\u00f6rper und innerer Harmonie. Es erm\u00f6glicht ein ganzheitliches Wohlbefinden und f\u00f6rdert durch gemeinsames Training das Selbstwertgef\u00fchl und Selbstvertrauen.<br \/><br \/>Wir begr\u00fc\u00dfen gerne neue Mitglieder &#8211; ob jung oder alt, ob Anf\u00e4nger oder Fortgeschritten &#8211; welche eine Vielfalt in den einzelnen Trainingsgruppen, sowie eine respekt- und vertrauensvolle Gemeinschaft wertsch\u00e4tzen und f\u00f6rdern.<br \/>Unterst\u00fctzen und begleiten Sie die Aufgaben und Projekte unseres Verbandes und nutzen dabei die Vorteile, die eine Mitgliedschaft mit sich bringt. <br \/>Wir freuen uns auf Sie !<\/p>\t\t\t\t\t\t\t\t<\/div>\n\t\t\t\t<\/div>\n\t\t\t\t\t<\/div>\n\t\t\t\t<\/div>\n\t\t<div class=\"elementor-element elementor-element-63a9059 e-flex e-con-boxed e-con e-parent\" data-id=\"63a9059\" data-element_type=\"container\" data-e-type=\"container\">\n\t\t\t\t\t<div class=\"e-con-inner\">\n\t\t\t\t<div class=\"elementor-element elementor-element-ce45543 elementor-widget elementor-widget-text-editor\" data-id=\"ce45543\" data-element_type=\"widget\" data-e-type=\"widget\" data-widget_type=\"text-editor.default\">\n\t\t\t\t<div class=\"elementor-widget-container\">\n\t\t\t\t\t\t\t\t\t<p><a href=\"https:\/\/he-stil.de\/wp-content\/uploads\/2025\/01\/2025.01.10_Mitgliedsantrag_He-Stil.pdf\" target=\"_blank\" rel=\"noopener\">DOWNLOAD &#8211; Mitgliedsantrag<\/a><\/p>\t\t\t\t\t\t\t\t<\/div>\n\t\t\t\t<\/div>\n\t\t\t\t<div class=\"elementor-element elementor-element-a2ea2b6 elementor-widget elementor-widget-text-editor\" data-id=\"a2ea2b6\" data-element_type=\"widget\" data-e-type=\"widget\" data-widget_type=\"text-editor.default\">\n\t\t\t\t<div class=\"elementor-widget-container\">\n\t\t\t\t\t\t\t\t\t<p>Der Mitgliedsantrag steht im PDF-Format zur Verf\u00fcgung. Sie k\u00f6nne diesen mit dem aktuellen Acrobat Reader von Adobe (Windows 10-11) bearbeiten \/ ausf\u00fcllen und signieren. Einen Link zum aktuellen, kostenlosen Download von Acrobat Reader finden Sie hier:\u00a0 \u00a0 <a href=\"https:\/\/get.adobe.com\/de\/reader\/\" target=\"_blank\" rel=\"noopener\">https:\/\/get.adobe.com\/de\/reader\/<\/a><\/p>\t\t\t\t\t\t\t\t<\/div>\n\t\t\t\t<\/div>\n\t\t\t\t\t<\/div>\n\t\t\t\t<\/div>\n\t\t<div class=\"elementor-element elementor-element-2e53754 e-flex e-con-boxed e-con e-parent\" data-id=\"2e53754\" data-element_type=\"container\" data-e-type=\"container\">\n\t\t\t\t\t<div class=\"e-con-inner\">\n\t\t<div class=\"elementor-element elementor-element-ebc1bdb e-con-full e-flex e-con e-child\" data-id=\"ebc1bdb\" data-element_type=\"container\" data-e-type=\"container\">\n\t\t\t\t<div class=\"elementor-element elementor-element-afcc3f6 elementor-widget elementor-widget-image\" data-id=\"afcc3f6\" data-element_type=\"widget\" data-e-type=\"widget\" data-widget_type=\"image.default\">\n\t\t\t\t<div class=\"elementor-widget-container\">\n\t\t\t\t\t\t\t\t\t\t\t\t\t\t\t<img fetchpriority=\"high\" decoding=\"async\" width=\"1024\" height=\"576\" src=\"https:\/\/he-stil.de\/wp-content\/uploads\/2024\/10\/G_0123-1024x576.jpg\" class=\"attachment-large size-large wp-image-1909\" alt=\"\" srcset=\"https:\/\/he-stil.de\/wp-content\/uploads\/2024\/10\/G_0123-1024x576.jpg 1024w, https:\/\/he-stil.de\/wp-content\/uploads\/2024\/10\/G_0123-300x169.jpg 300w, https:\/\/he-stil.de\/wp-content\/uploads\/2024\/10\/G_0123-768x432.jpg 768w, https:\/\/he-stil.de\/wp-content\/uploads\/2024\/10\/G_0123-1536x863.jpg 1536w, https:\/\/he-stil.de\/wp-content\/uploads\/2024\/10\/G_0123-800x450.jpg 800w, https:\/\/he-stil.de\/wp-content\/uploads\/2024\/10\/G_0123.jpg 2048w\" sizes=\"(max-width: 1024px) 100vw, 1024px\" \/>\t\t\t\t\t\t\t\t\t\t\t\t\t\t\t<\/div>\n\t\t\t\t<\/div>\n\t\t\t\t<\/div>\n\t\t<div class=\"elementor-element elementor-element-5fc9593 e-con-full e-flex e-con e-child\" data-id=\"5fc9593\" data-element_type=\"container\" data-e-type=\"container\">\n\t\t\t\t<div class=\"elementor-element elementor-element-f62c738 elementor-widget elementor-widget-image\" data-id=\"f62c738\" data-element_type=\"widget\" data-e-type=\"widget\" data-widget_type=\"image.default\">\n\t\t\t\t<div class=\"elementor-widget-container\">\n\t\t\t\t\t\t\t\t\t\t\t\t\t\t\t<img decoding=\"async\" width=\"1024\" height=\"577\" src=\"https:\/\/he-stil.de\/wp-content\/uploads\/2024\/10\/G_0114-1024x577.jpg\" class=\"attachment-large size-large wp-image-1900\" alt=\"\" srcset=\"https:\/\/he-stil.de\/wp-content\/uploads\/2024\/10\/G_0114-1024x577.jpg 1024w, https:\/\/he-stil.de\/wp-content\/uploads\/2024\/10\/G_0114-300x169.jpg 300w, https:\/\/he-stil.de\/wp-content\/uploads\/2024\/10\/G_0114-768x432.jpg 768w, https:\/\/he-stil.de\/wp-content\/uploads\/2024\/10\/G_0114-1536x865.jpg 1536w, https:\/\/he-stil.de\/wp-content\/uploads\/2024\/10\/G_0114-800x450.jpg 800w, https:\/\/he-stil.de\/wp-content\/uploads\/2024\/10\/G_0114.jpg 2048w\" sizes=\"(max-width: 1024px) 100vw, 1024px\" \/>\t\t\t\t\t\t\t\t\t\t\t\t\t\t\t<\/div>\n\t\t\t\t<\/div>\n\t\t\t\t<\/div>\n\t\t\t\t\t<\/div>\n\t\t\t\t<\/div>\n\t\t\t\t<\/div>\n\t\t","protected":false},"excerpt":{"rendered":"<p>Mitgliedsantrag Taijiquan He-Stil gew\u00e4hrleistet eine ausgewogene Verbindung von Geist, K\u00f6rper und innerer Harmonie. Es erm\u00f6glicht ein ganzheitliches Wohlbefinden und f\u00f6rdert durch gemeinsames Training das Selbstwertgef\u00fchl und Selbstvertrauen. Wir begr\u00fc\u00dfen gerne neue Mitglieder &#8211; ob jung oder alt, ob Anf\u00e4nger oder Fortgeschritten &#8211; welche eine Vielfalt in den einzelnen Trainingsgruppen, sowie eine respekt- und vertrauensvolle Gemeinschaft [&hellip;]<\/p>\n","protected":false},"author":1,"featured_media":0,"parent":0,"menu_order":0,"comment_status":"closed","ping_status":"closed","template":"","meta":{"ocean_post_layout":"full-screen","ocean_both_sidebars_style":"","ocean_both_sidebars_content_width":0,"ocean_both_sidebars_sidebars_width":0,"ocean_sidebar":"","ocean_second_sidebar":"","ocean_disable_margins":"enable","ocean_add_body_class":"","ocean_shortcode_before_top_bar":"","ocean_shortcode_after_top_bar":"","ocean_shortcode_before_header":"","ocean_shortcode_after_header":"","ocean_has_shortcode":"","ocean_shortcode_after_title":"","ocean_shortcode_before_footer_widgets":"","ocean_shortcode_after_footer_widgets":"","ocean_shortcode_before_footer_bottom":"","ocean_shortcode_after_footer_bottom":"","ocean_display_top_bar":"off","ocean_display_header":"default","ocean_header_style":"","ocean_center_header_left_menu":"","ocean_custom_header_template":"","ocean_custom_logo":0,"ocean_custom_retina_logo":0,"ocean_custom_logo_max_width":0,"ocean_custom_logo_tablet_max_width":0,"ocean_custom_logo_mobile_max_width":0,"ocean_custom_logo_max_height":0,"ocean_custom_logo_tablet_max_height":0,"ocean_custom_logo_mobile_max_height":0,"ocean_header_custom_menu":"","ocean_menu_typo_font_family":"","ocean_menu_typo_font_subset":"","ocean_menu_typo_font_size":0,"ocean_menu_typo_font_size_tablet":0,"ocean_menu_typo_font_size_mobile":0,"ocean_menu_typo_font_size_unit":"px","ocean_menu_typo_font_weight":"","ocean_menu_typo_font_weight_tablet":"","ocean_menu_typo_font_weight_mobile":"","ocean_menu_typo_transform":"","ocean_menu_typo_transform_tablet":"","ocean_menu_typo_transform_mobile":"","ocean_menu_typo_line_height":0,"ocean_menu_typo_line_height_tablet":0,"ocean_menu_typo_line_height_mobile":0,"ocean_menu_typo_line_height_unit":"","ocean_menu_typo_spacing":0,"ocean_menu_typo_spacing_tablet":0,"ocean_menu_typo_spacing_mobile":0,"ocean_menu_typo_spacing_unit":"","ocean_menu_link_color":"","ocean_menu_link_color_hover":"","ocean_menu_link_color_active":"","ocean_menu_link_background":"","ocean_menu_link_hover_background":"","ocean_menu_link_active_background":"","ocean_menu_social_links_bg":"","ocean_menu_social_hover_links_bg":"","ocean_menu_social_links_color":"","ocean_menu_social_hover_links_color":"","ocean_disable_title":"on","ocean_disable_heading":"default","ocean_post_title":"","ocean_post_subheading":"","ocean_post_title_style":"","ocean_post_title_background_color":"","ocean_post_title_background":0,"ocean_post_title_bg_image_position":"","ocean_post_title_bg_image_attachment":"","ocean_post_title_bg_image_repeat":"","ocean_post_title_bg_image_size":"","ocean_post_title_height":0,"ocean_post_title_bg_overlay":0.5,"ocean_post_title_bg_overlay_color":"","ocean_disable_breadcrumbs":"default","ocean_breadcrumbs_color":"","ocean_breadcrumbs_separator_color":"","ocean_breadcrumbs_links_color":"","ocean_breadcrumbs_links_hover_color":"","ocean_display_footer_widgets":"off","ocean_display_footer_bottom":"off","ocean_custom_footer_template":"","footnotes":""},"class_list":["post-2746","page","type-page","status-publish","hentry","entry"],"_links":{"self":[{"href":"https:\/\/he-stil.de\/index.php?rest_route=\/wp\/v2\/pages\/2746","targetHints":{"allow":["GET"]}}],"collection":[{"href":"https:\/\/he-stil.de\/index.php?rest_route=\/wp\/v2\/pages"}],"about":[{"href":"https:\/\/he-stil.de\/index.php?rest_route=\/wp\/v2\/types\/page"}],"author":[{"embeddable":true,"href":"https:\/\/he-stil.de\/index.php?rest_route=\/wp\/v2\/users\/1"}],"replies":[{"embeddable":true,"href":"https:\/\/he-stil.de\/index.php?rest_route=%2Fwp%2Fv2%2Fcomments&post=2746"}],"version-history":[{"count":80,"href":"https:\/\/he-stil.de\/index.php?rest_route=\/wp\/v2\/pages\/2746\/revisions"}],"predecessor-version":[{"id":3128,"href":"https:\/\/he-stil.de\/index.php?rest_route=\/wp\/v2\/pages\/2746\/revisions\/3128"}],"wp:attachment":[{"href":"https:\/\/he-stil.de\/index.php?rest_route=%2Fwp%2Fv2%2Fmedia&parent=2746"}],"curies":[{"name":"wp","href":"https:\/\/api.w.org\/{rel}","templated":true}]}}