{"id":216,"date":"2024-07-21T09:35:28","date_gmt":"2024-07-21T09:35:28","guid":{"rendered":"https:\/\/he-stil.de\/?page_id=216"},"modified":"2024-11-25T20:07:39","modified_gmt":"2024-11-25T20:07:39","slug":"ueber-uns","status":"publish","type":"page","link":"https:\/\/he-stil.de\/?page_id=216","title":{"rendered":"Qigong"},"content":{"rendered":"\t\t<div data-elementor-type=\"wp-page\" data-elementor-id=\"216\" class=\"elementor elementor-216\" data-elementor-post-type=\"page\">\n\t\t\t\t<div class=\"elementor-element elementor-element-8984539 e-flex e-con-boxed e-con e-parent\" data-id=\"8984539\" data-element_type=\"container\" data-e-type=\"container\">\n\t\t\t\t\t<div class=\"e-con-inner\">\n\t\t\t\t<div class=\"elementor-element elementor-element-f27f1fd elementor-widget elementor-widget-heading\" data-id=\"f27f1fd\" data-element_type=\"widget\" data-e-type=\"widget\" data-widget_type=\"heading.default\">\n\t\t\t\t<div class=\"elementor-widget-container\">\n\t\t\t\t\t<h2 class=\"elementor-heading-title elementor-size-default\">Qigong<\/h2>\t\t\t\t<\/div>\n\t\t\t\t<\/div>\n\t\t\t\t<div class=\"elementor-element elementor-element-787c67b elementor-widget elementor-widget-heading\" data-id=\"787c67b\" data-element_type=\"widget\" data-e-type=\"widget\" data-widget_type=\"heading.default\">\n\t\t\t\t<div class=\"elementor-widget-container\">\n\t\t\t\t\t<h2 class=\"elementor-heading-title elementor-size-default\">zur Pflege und Kultivierung von K\u00f6rper, Seele und Geist<\/h2>\t\t\t\t<\/div>\n\t\t\t\t<\/div>\n\t\t\t\t\t<\/div>\n\t\t\t\t<\/div>\n\t\t<div class=\"elementor-element elementor-element-c4121f3 e-flex e-con-boxed e-con e-parent\" data-id=\"c4121f3\" data-element_type=\"container\" data-e-type=\"container\">\n\t\t\t\t\t<div class=\"e-con-inner\">\n\t\t<div class=\"elementor-element elementor-element-608bbc6 e-con-full e-flex e-con e-child\" data-id=\"608bbc6\" data-element_type=\"container\" data-e-type=\"container\">\n\t\t\t\t<div class=\"elementor-element elementor-element-3d5be4d elementor-widget elementor-widget-image\" data-id=\"3d5be4d\" data-element_type=\"widget\" data-e-type=\"widget\" data-widget_type=\"image.default\">\n\t\t\t\t<div class=\"elementor-widget-container\">\n\t\t\t\t\t\t\t\t\t\t\t\t\t\t\t<img fetchpriority=\"high\" decoding=\"async\" width=\"1280\" height=\"853\" src=\"https:\/\/he-stil.de\/wp-content\/uploads\/2024\/09\/china-746374_1280.jpg\" class=\"elementor-animation-grow attachment-1536x1536 size-1536x1536 wp-image-1695\" alt=\"\" srcset=\"https:\/\/he-stil.de\/wp-content\/uploads\/2024\/09\/china-746374_1280.jpg 1280w, https:\/\/he-stil.de\/wp-content\/uploads\/2024\/09\/china-746374_1280-300x200.jpg 300w, https:\/\/he-stil.de\/wp-content\/uploads\/2024\/09\/china-746374_1280-1024x682.jpg 1024w, https:\/\/he-stil.de\/wp-content\/uploads\/2024\/09\/china-746374_1280-768x512.jpg 768w\" sizes=\"(max-width: 1280px) 100vw, 1280px\" \/>\t\t\t\t\t\t\t\t\t\t\t\t\t\t\t<\/div>\n\t\t\t\t<\/div>\n\t\t\t\t<\/div>\n\t\t<div class=\"elementor-element elementor-element-8fd4f45 e-con-full e-flex e-con e-child\" data-id=\"8fd4f45\" data-element_type=\"container\" data-e-type=\"container\">\n\t\t\t\t<div class=\"elementor-element elementor-element-7f0ddc8 elementor-widget elementor-widget-text-editor\" data-id=\"7f0ddc8\" data-element_type=\"widget\" data-e-type=\"widget\" data-widget_type=\"text-editor.default\">\n\t\t\t\t<div class=\"elementor-widget-container\">\n\t\t\t\t\t\t\t\t\t<p>Qigong ist ein wertvolles Erbe der traditionellen chinesischen Medizin, welches auf den langj\u00e4hrigen Erfahrungen im Umgang mit Ersch\u00f6pfung, Krankheiten und Alterung basiert.<br \/><br \/>Qigong bietet jedem Menschen die M\u00f6glichkeit, pers\u00f6nlich die Initiative zur Regulierung und Erhaltung seiner Gesundheit zu ergreifen. Diese zeichnet sich durch die Schulung von Bewusstsein und Atmung, sowie durch Massagen und Bewegung der Gliedma\u00dfen aus. Ziel ist hierbei die Harmonie von K\u00f6rper, Atem und Geist zu f\u00f6rdern und zu st\u00e4rken.<br \/>Die traditionelle chinesische Medizin betrachtet \u201eJing, Qi und Geist\u201c als die drei kostbaren Ressourcen des Lebens.<\/p>\t\t\t\t\t\t\t\t<\/div>\n\t\t\t\t<\/div>\n\t\t\t\t<\/div>\n\t\t\t\t\t<\/div>\n\t\t\t\t<\/div>\n\t\t<div class=\"elementor-element elementor-element-63da9fe e-flex e-con-boxed e-con e-parent\" data-id=\"63da9fe\" data-element_type=\"container\" data-e-type=\"container\">\n\t\t\t\t\t<div class=\"e-con-inner\">\n\t\t\t\t<div class=\"elementor-element elementor-element-06cc894 elementor-widget elementor-widget-text-editor\" data-id=\"06cc894\" data-element_type=\"widget\" data-e-type=\"widget\" data-widget_type=\"text-editor.default\">\n\t\t\t\t<div class=\"elementor-widget-container\">\n\t\t\t\t\t\t\t\t\t<p><em>Passend ausge\u00fcbt, kann Qigong die Wesenheit des Menschen n\u00e4hren, das Qi st\u00e4rken, den Geist kultivieren und das Ziel der Anti-Aging-Wirkung erreichen.<\/em><\/p>\t\t\t\t\t\t\t\t<\/div>\n\t\t\t\t<\/div>\n\t\t\t\t\t<\/div>\n\t\t\t\t<\/div>\n\t\t\t\t<\/div>\n\t\t","protected":false},"excerpt":{"rendered":"<p>Qigong zur Pflege und Kultivierung von K\u00f6rper, Seele und Geist Qigong ist ein wertvolles Erbe der traditionellen chinesischen Medizin, welches auf den langj\u00e4hrigen Erfahrungen im Umgang mit Ersch\u00f6pfung, Krankheiten und Alterung basiert. Qigong bietet jedem Menschen die M\u00f6glichkeit, pers\u00f6nlich die Initiative zur Regulierung und Erhaltung seiner Gesundheit zu ergreifen. Diese zeichnet sich durch die Schulung [&hellip;]<\/p>\n","protected":false},"author":1,"featured_media":0,"parent":0,"menu_order":0,"comment_status":"closed","ping_status":"closed","template":"","meta":{"ocean_post_layout":"full-screen","ocean_both_sidebars_style":"","ocean_both_sidebars_content_width":0,"ocean_both_sidebars_sidebars_width":0,"ocean_sidebar":"","ocean_second_sidebar":"","ocean_disable_margins":"enable","ocean_add_body_class":"","ocean_shortcode_before_top_bar":"","ocean_shortcode_after_top_bar":"","ocean_shortcode_before_header":"","ocean_shortcode_after_header":"","ocean_has_shortcode":"","ocean_shortcode_after_title":"","ocean_shortcode_before_footer_widgets":"","ocean_shortcode_after_footer_widgets":"","ocean_shortcode_before_footer_bottom":"","ocean_shortcode_after_footer_bottom":"","ocean_display_top_bar":"off","ocean_display_header":"default","ocean_header_style":"","ocean_center_header_left_menu":"","ocean_custom_header_template":"","ocean_custom_logo":0,"ocean_custom_retina_logo":0,"ocean_custom_logo_max_width":0,"ocean_custom_logo_tablet_max_width":0,"ocean_custom_logo_mobile_max_width":0,"ocean_custom_logo_max_height":0,"ocean_custom_logo_tablet_max_height":0,"ocean_custom_logo_mobile_max_height":0,"ocean_header_custom_menu":"","ocean_menu_typo_font_family":"","ocean_menu_typo_font_subset":"","ocean_menu_typo_font_size":0,"ocean_menu_typo_font_size_tablet":0,"ocean_menu_typo_font_size_mobile":0,"ocean_menu_typo_font_size_unit":"px","ocean_menu_typo_font_weight":"","ocean_menu_typo_font_weight_tablet":"","ocean_menu_typo_font_weight_mobile":"","ocean_menu_typo_transform":"","ocean_menu_typo_transform_tablet":"","ocean_menu_typo_transform_mobile":"","ocean_menu_typo_line_height":0,"ocean_menu_typo_line_height_tablet":0,"ocean_menu_typo_line_height_mobile":0,"ocean_menu_typo_line_height_unit":"","ocean_menu_typo_spacing":0,"ocean_menu_typo_spacing_tablet":0,"ocean_menu_typo_spacing_mobile":0,"ocean_menu_typo_spacing_unit":"","ocean_menu_link_color":"","ocean_menu_link_color_hover":"","ocean_menu_link_color_active":"","ocean_menu_link_background":"","ocean_menu_link_hover_background":"","ocean_menu_link_active_background":"","ocean_menu_social_links_bg":"","ocean_menu_social_hover_links_bg":"","ocean_menu_social_links_color":"","ocean_menu_social_hover_links_color":"","ocean_disable_title":"on","ocean_disable_heading":"default","ocean_post_title":"","ocean_post_subheading":"","ocean_post_title_style":"","ocean_post_title_background_color":"","ocean_post_title_background":0,"ocean_post_title_bg_image_position":"","ocean_post_title_bg_image_attachment":"","ocean_post_title_bg_image_repeat":"","ocean_post_title_bg_image_size":"","ocean_post_title_height":0,"ocean_post_title_bg_overlay":0.5,"ocean_post_title_bg_overlay_color":"","ocean_disable_breadcrumbs":"default","ocean_breadcrumbs_color":"","ocean_breadcrumbs_separator_color":"","ocean_breadcrumbs_links_color":"","ocean_breadcrumbs_links_hover_color":"","ocean_display_footer_widgets":"off","ocean_display_footer_bottom":"off","ocean_custom_footer_template":"","footnotes":""},"class_list":["post-216","page","type-page","status-publish","hentry","entry"],"_links":{"self":[{"href":"https:\/\/he-stil.de\/index.php?rest_route=\/wp\/v2\/pages\/216","targetHints":{"allow":["GET"]}}],"collection":[{"href":"https:\/\/he-stil.de\/index.php?rest_route=\/wp\/v2\/pages"}],"about":[{"href":"https:\/\/he-stil.de\/index.php?rest_route=\/wp\/v2\/types\/page"}],"author":[{"embeddable":true,"href":"https:\/\/he-stil.de\/index.php?rest_route=\/wp\/v2\/users\/1"}],"replies":[{"embeddable":true,"href":"https:\/\/he-stil.de\/index.php?rest_route=%2Fwp%2Fv2%2Fcomments&post=216"}],"version-history":[{"count":29,"href":"https:\/\/he-stil.de\/index.php?rest_route=\/wp\/v2\/pages\/216\/revisions"}],"predecessor-version":[{"id":2513,"href":"https:\/\/he-stil.de\/index.php?rest_route=\/wp\/v2\/pages\/216\/revisions\/2513"}],"wp:attachment":[{"href":"https:\/\/he-stil.de\/index.php?rest_route=%2Fwp%2Fv2%2Fmedia&parent=216"}],"curies":[{"name":"wp","href":"https:\/\/api.w.org\/{rel}","templated":true}]}}