{"id":210,"date":"2024-07-21T08:53:11","date_gmt":"2024-07-21T08:53:11","guid":{"rendered":"https:\/\/he-stil.de\/?page_id=210"},"modified":"2025-03-31T09:52:55","modified_gmt":"2025-03-31T09:52:55","slug":"home-1","status":"publish","type":"page","link":"https:\/\/he-stil.de\/?page_id=210","title":{"rendered":"Harmonische Gesundheit"},"content":{"rendered":"\t\t<div data-elementor-type=\"wp-page\" data-elementor-id=\"210\" class=\"elementor elementor-210\" data-elementor-post-type=\"page\">\n\t\t\t\t<div class=\"elementor-element elementor-element-e693dcf e-flex e-con-boxed e-con e-parent\" data-id=\"e693dcf\" data-element_type=\"container\" data-e-type=\"container\">\n\t\t\t\t\t<div class=\"e-con-inner\">\n\t\t\t\t<div class=\"elementor-element elementor-element-f63620a elementor-widget elementor-widget-heading\" data-id=\"f63620a\" data-element_type=\"widget\" data-e-type=\"widget\" data-widget_type=\"heading.default\">\n\t\t\t\t<div class=\"elementor-widget-container\">\n\t\t\t\t\t<h2 class=\"elementor-heading-title elementor-size-default\">Harmonische Gesundheit<\/h2>\t\t\t\t<\/div>\n\t\t\t\t<\/div>\n\t\t\t\t\t<\/div>\n\t\t\t\t<\/div>\n\t\t<div class=\"elementor-element elementor-element-9729dbe e-flex e-con-boxed e-con e-parent\" data-id=\"9729dbe\" data-element_type=\"container\" data-e-type=\"container\">\n\t\t\t\t\t<div class=\"e-con-inner\">\n\t\t\t\t<div class=\"elementor-element elementor-element-42328e3 animated-slow elementor-invisible elementor-widget elementor-widget-image\" data-id=\"42328e3\" data-element_type=\"widget\" data-e-type=\"widget\" data-settings=\"{&quot;_animation&quot;:&quot;fadeIn&quot;,&quot;_animation_delay&quot;:200}\" data-widget_type=\"image.default\">\n\t\t\t\t<div class=\"elementor-widget-container\">\n\t\t\t\t\t\t\t\t\t\t\t\t\t\t\t<img fetchpriority=\"high\" decoding=\"async\" width=\"2560\" height=\"137\" src=\"https:\/\/he-stil.de\/wp-content\/uploads\/2024\/09\/heat-foto2-scaled.jpg\" class=\"attachment-full size-full wp-image-1085\" alt=\"\" srcset=\"https:\/\/he-stil.de\/wp-content\/uploads\/2024\/09\/heat-foto2-scaled.jpg 2560w, https:\/\/he-stil.de\/wp-content\/uploads\/2024\/09\/heat-foto2-300x16.jpg 300w, https:\/\/he-stil.de\/wp-content\/uploads\/2024\/09\/heat-foto2-1024x55.jpg 1024w, https:\/\/he-stil.de\/wp-content\/uploads\/2024\/09\/heat-foto2-768x41.jpg 768w, https:\/\/he-stil.de\/wp-content\/uploads\/2024\/09\/heat-foto2-1536x82.jpg 1536w, https:\/\/he-stil.de\/wp-content\/uploads\/2024\/09\/heat-foto2-2048x109.jpg 2048w\" sizes=\"(max-width: 2560px) 100vw, 2560px\" \/>\t\t\t\t\t\t\t\t\t\t\t\t\t\t\t<\/div>\n\t\t\t\t<\/div>\n\t\t\t\t\t<\/div>\n\t\t\t\t<\/div>\n\t\t<div class=\"elementor-element elementor-element-8684718 e-flex e-con-boxed e-con e-parent\" data-id=\"8684718\" data-element_type=\"container\" data-e-type=\"container\" data-settings=\"{&quot;background_background&quot;:&quot;classic&quot;}\">\n\t\t\t\t\t<div class=\"e-con-inner\">\n\t\t<div class=\"elementor-element elementor-element-964a381 e-con-full e-flex e-con e-child\" data-id=\"964a381\" data-element_type=\"container\" data-e-type=\"container\">\n\t\t\t\t<div class=\"elementor-element elementor-element-42dbc0a elementor-widget elementor-widget-text-editor\" data-id=\"42dbc0a\" data-element_type=\"widget\" data-e-type=\"widget\" data-widget_type=\"text-editor.default\">\n\t\t\t\t<div class=\"elementor-widget-container\">\n\t\t\t\t\t\t\t\t\t<h6>Eine ausgewogene Verbindung von <b>Geist, K\u00f6rper<\/b> und innerer Harmonie erm\u00f6glicht ein ganzheitliches Wohlbefinden, verbessert die Gesundheit und damit die F\u00e4higkeit, den Herausforderungen des Lebens zu begegnen.<\/h6>\t\t\t\t\t\t\t\t<\/div>\n\t\t\t\t<\/div>\n\t\t\t\t<\/div>\n\t\t<div class=\"elementor-element elementor-element-0086d7a e-con-full e-flex e-con e-child\" data-id=\"0086d7a\" data-element_type=\"container\" data-e-type=\"container\">\n\t\t\t\t<div class=\"elementor-element elementor-element-6607604 elementor-widget elementor-widget-image\" data-id=\"6607604\" data-element_type=\"widget\" data-e-type=\"widget\" data-widget_type=\"image.default\">\n\t\t\t\t<div class=\"elementor-widget-container\">\n\t\t\t\t\t\t\t\t\t\t\t\t\t\t\t<img decoding=\"async\" src=\"https:\/\/he-stil.de\/wp-content\/uploads\/elementor\/thumbs\/Logo-fuer-Taiji-png-qtk2mzyiz1yspfclpziirqfqqnblhvsh5eh33pygaw.png\" title=\"Logo fuer Taiji png\" alt=\"Logo fuer Taiji png\" loading=\"lazy\" \/>\t\t\t\t\t\t\t\t\t\t\t\t\t\t\t<\/div>\n\t\t\t\t<\/div>\n\t\t\t\t<\/div>\n\t\t<div class=\"elementor-element elementor-element-968f95e e-con-full e-flex e-con e-child\" data-id=\"968f95e\" data-element_type=\"container\" data-e-type=\"container\">\n\t\t\t\t<div class=\"elementor-element elementor-element-fa794a1 elementor-widget elementor-widget-text-editor\" data-id=\"fa794a1\" data-element_type=\"widget\" data-e-type=\"widget\" data-widget_type=\"text-editor.default\">\n\t\t\t\t<div class=\"elementor-widget-container\">\n\t\t\t\t\t\t\t\t\t<h6>Der <b>Bundesverband f\u00fcr<\/b> He-Stil Taijiquan und harmonische Gesundheit e.V. (BHHG) vermittelt und unterst\u00fctzt mit Kursen und Workshops Ihr pers\u00f6nliches Engagement, dies mit Bewegung in Harmonie zu erreichen.<\/h6>\t\t\t\t\t\t\t\t<\/div>\n\t\t\t\t<\/div>\n\t\t\t\t<\/div>\n\t\t\t\t\t<\/div>\n\t\t\t\t<\/div>\n\t\t<div class=\"elementor-element elementor-element-58d0655 e-flex e-con-boxed e-con e-parent\" data-id=\"58d0655\" data-element_type=\"container\" data-e-type=\"container\">\n\t\t\t\t\t<div class=\"e-con-inner\">\n\t\t\t\t<div class=\"elementor-element elementor-element-48b412c elementor-widget elementor-widget-image\" data-id=\"48b412c\" data-element_type=\"widget\" data-e-type=\"widget\" data-settings=\"{&quot;_animation&quot;:&quot;none&quot;}\" data-widget_type=\"image.default\">\n\t\t\t\t<div class=\"elementor-widget-container\">\n\t\t\t\t\t\t\t\t\t\t\t\t\t\t\t<img decoding=\"async\" width=\"1528\" height=\"320\" src=\"https:\/\/he-stil.de\/wp-content\/uploads\/2024\/09\/\u672a\u6807\u9898-1.jpg\" class=\"attachment-full size-full wp-image-958\" alt=\"\" srcset=\"https:\/\/he-stil.de\/wp-content\/uploads\/2024\/09\/\u672a\u6807\u9898-1.jpg 1528w, https:\/\/he-stil.de\/wp-content\/uploads\/2024\/09\/\u672a\u6807\u9898-1-300x63.jpg 300w, https:\/\/he-stil.de\/wp-content\/uploads\/2024\/09\/\u672a\u6807\u9898-1-1024x214.jpg 1024w, https:\/\/he-stil.de\/wp-content\/uploads\/2024\/09\/\u672a\u6807\u9898-1-768x161.jpg 768w\" sizes=\"(max-width: 1528px) 100vw, 1528px\" \/>\t\t\t\t\t\t\t\t\t\t\t\t\t\t\t<\/div>\n\t\t\t\t<\/div>\n\t\t\t\t\t<\/div>\n\t\t\t\t<\/div>\n\t\t<div class=\"elementor-element elementor-element-ce6a5b3 e-flex e-con-boxed e-con e-parent\" data-id=\"ce6a5b3\" data-element_type=\"container\" data-e-type=\"container\">\n\t\t\t\t\t<div class=\"e-con-inner\">\n\t\t\t\t<div class=\"elementor-element elementor-element-9a01372 elementor-widget elementor-widget-heading\" data-id=\"9a01372\" data-element_type=\"widget\" data-e-type=\"widget\" data-widget_type=\"heading.default\">\n\t\t\t\t<div class=\"elementor-widget-container\">\n\t\t\t\t\t<h2 class=\"elementor-heading-title elementor-size-default\">He-Stil Taijiquan und Harmonische Gesundheit<\/h2>\t\t\t\t<\/div>\n\t\t\t\t<\/div>\n\t\t\t\t\t<\/div>\n\t\t\t\t<\/div>\n\t\t<div class=\"elementor-element elementor-element-feed62b e-flex e-con-boxed e-con e-parent\" data-id=\"feed62b\" data-element_type=\"container\" data-e-type=\"container\">\n\t\t\t\t\t<div class=\"e-con-inner\">\n\t\t\t\t<div class=\"elementor-element elementor-element-8ececd2 elementor-widget elementor-widget-text-editor\" data-id=\"8ececd2\" data-element_type=\"widget\" data-e-type=\"widget\" data-widget_type=\"text-editor.default\">\n\t\t\t\t<div class=\"elementor-widget-container\">\n\t\t\t\t\t\t\t\t\t<p><b>Ein ausgeglichenes Zusammenspiel<\/b> von K\u00f6rper und Geist bildet die Grundlage f\u00fcr ein gesundes, robustes Immunsystem und emotionales Wohlbefinden. Innere Harmonie f\u00f6rdert eine effiziente Stressbew\u00e4ltigung, unterst\u00fctzt einen gesunden Lebensstil und steigert langfristig die Lebensqualit\u00e4t.<br>Die ausgewogene Verbindung von Gesundheit und Harmonie erm\u00f6glicht daher ein ganzheitliches Wohlbefinden und verbessert die F\u00e4higkeit, den Herausforderungen des Lebens zu begegnen.<\/p>\n<p><b>Effektiv und unterhaltsam<\/b> \u2013 von der Aufw\u00e4rmphase bis zum Qigong \u2013 unabh\u00e4ngig davon, ob man Formen lernt, oder Push Hands \u00fcbt. Die von uns, bzw. \u00fcber uns angebotenen Kurse, Trainingseinheiten sowie \u00dcbungsanleitungen gew\u00e4hrleisten ein sanftes Hinf\u00fchren zu einem aktiven Lebensstil, der sowohl sportlich den K\u00f6rper fordert, aber auch kognitiv stimuliert und f\u00f6rdert.<br>Entspannungstechniken, sowie Atem\u00fcbungen runden das Training ab.<\/p>\t\t\t\t\t\t\t\t<\/div>\n\t\t\t\t<\/div>\n\t\t\t\t\t<\/div>\n\t\t\t\t<\/div>\n\t\t<div class=\"elementor-element elementor-element-3d70475 e-flex e-con-boxed e-con e-parent\" data-id=\"3d70475\" data-element_type=\"container\" data-e-type=\"container\">\n\t\t\t\t\t<div class=\"e-con-inner\">\n\t\t\t\t<div class=\"elementor-element elementor-element-a7942bb elementor-widget elementor-widget-image-carousel\" data-id=\"a7942bb\" data-element_type=\"widget\" data-e-type=\"widget\" data-settings=\"{&quot;navigation&quot;:&quot;none&quot;,&quot;autoplay_speed&quot;:1000,&quot;speed&quot;:1000,&quot;autoplay&quot;:&quot;yes&quot;,&quot;infinite&quot;:&quot;yes&quot;}\" data-widget_type=\"image-carousel.default\">\n\t\t\t\t<div class=\"elementor-widget-container\">\n\t\t\t\t\t\t\t<div class=\"elementor-image-carousel-wrapper swiper\" role=\"region\" aria-roledescription=\"carousel\" aria-label=\"Bild Karussell\" dir=\"ltr\">\n\t\t\t<div class=\"elementor-image-carousel swiper-wrapper\" aria-live=\"off\">\n\t\t\t\t\t\t\t\t<div class=\"swiper-slide\" role=\"group\" aria-roledescription=\"slide\" aria-label=\"1 von 12\"><figure class=\"swiper-slide-inner\"><img decoding=\"async\" class=\"swiper-slide-image\" src=\"https:\/\/he-stil.de\/wp-content\/uploads\/2024\/09\/Slide_Li_Haende_02-300x207.jpg\" alt=\"Slide_Li_H\u00e4nde_02\" \/><\/figure><\/div><div class=\"swiper-slide\" role=\"group\" aria-roledescription=\"slide\" aria-label=\"2 von 12\"><figure class=\"swiper-slide-inner\"><img decoding=\"async\" class=\"swiper-slide-image\" src=\"https:\/\/he-stil.de\/wp-content\/uploads\/2024\/09\/Slide_Gruppe_02-300x207.jpg\" alt=\"Slide_Gruppe_02\" \/><\/figure><\/div><div class=\"swiper-slide\" role=\"group\" aria-roledescription=\"slide\" aria-label=\"3 von 12\"><figure class=\"swiper-slide-inner\"><img decoding=\"async\" class=\"swiper-slide-image\" src=\"https:\/\/he-stil.de\/wp-content\/uploads\/2024\/09\/Slide_Unterricht_04-300x207.jpg\" alt=\"Slide_Unterricht_04\" \/><\/figure><\/div><div class=\"swiper-slide\" role=\"group\" aria-roledescription=\"slide\" aria-label=\"4 von 12\"><figure class=\"swiper-slide-inner\"><img decoding=\"async\" class=\"swiper-slide-image\" src=\"https:\/\/he-stil.de\/wp-content\/uploads\/2024\/09\/Slide_Aku_01-300x207.jpg\" alt=\"Slide_Aku_01\" \/><\/figure><\/div><div class=\"swiper-slide\" role=\"group\" aria-roledescription=\"slide\" aria-label=\"5 von 12\"><figure class=\"swiper-slide-inner\"><img decoding=\"async\" class=\"swiper-slide-image\" src=\"https:\/\/he-stil.de\/wp-content\/uploads\/2024\/09\/Slide_Unterricht_03-300x207.jpg\" alt=\"Slide_Unterricht_03\" \/><\/figure><\/div><div class=\"swiper-slide\" role=\"group\" aria-roledescription=\"slide\" aria-label=\"6 von 12\"><figure class=\"swiper-slide-inner\"><img decoding=\"async\" class=\"swiper-slide-image\" src=\"https:\/\/he-stil.de\/wp-content\/uploads\/2024\/09\/Slide_Gruppe_01-300x207.jpg\" alt=\"Slide_Gruppe_01\" \/><\/figure><\/div><div class=\"swiper-slide\" role=\"group\" aria-roledescription=\"slide\" aria-label=\"7 von 12\"><figure class=\"swiper-slide-inner\"><img decoding=\"async\" class=\"swiper-slide-image\" src=\"https:\/\/he-stil.de\/wp-content\/uploads\/2024\/09\/Slide_Unterricht_02-300x207.jpg\" alt=\"Slide_Unterricht_02\" \/><\/figure><\/div><div class=\"swiper-slide\" role=\"group\" aria-roledescription=\"slide\" aria-label=\"8 von 12\"><figure class=\"swiper-slide-inner\"><img decoding=\"async\" class=\"swiper-slide-image\" src=\"https:\/\/he-stil.de\/wp-content\/uploads\/2024\/09\/Slide_Unterricht_05-300x207.jpg\" alt=\"Slide_Unterricht_05\" \/><\/figure><\/div><div class=\"swiper-slide\" role=\"group\" aria-roledescription=\"slide\" aria-label=\"9 von 12\"><figure class=\"swiper-slide-inner\"><img decoding=\"async\" class=\"swiper-slide-image\" src=\"https:\/\/he-stil.de\/wp-content\/uploads\/2024\/09\/Slide_Unterricht_01-300x207.jpg\" alt=\"Slide_Unterricht_01\" \/><\/figure><\/div><div class=\"swiper-slide\" role=\"group\" aria-roledescription=\"slide\" aria-label=\"10 von 12\"><figure class=\"swiper-slide-inner\"><img decoding=\"async\" class=\"swiper-slide-image\" src=\"https:\/\/he-stil.de\/wp-content\/uploads\/2024\/09\/Slide_Li_Haende_01-300x207.jpg\" alt=\"Slide_Li_H\u00e4nde_01\" \/><\/figure><\/div><div class=\"swiper-slide\" role=\"group\" aria-roledescription=\"slide\" aria-label=\"11 von 12\"><figure class=\"swiper-slide-inner\"><img decoding=\"async\" class=\"swiper-slide-image\" src=\"https:\/\/he-stil.de\/wp-content\/uploads\/2024\/09\/Slide_Aku_02-300x207.jpg\" alt=\"Slide_Aku_02\" \/><\/figure><\/div><div class=\"swiper-slide\" role=\"group\" aria-roledescription=\"slide\" aria-label=\"12 von 12\"><figure class=\"swiper-slide-inner\"><img decoding=\"async\" class=\"swiper-slide-image\" src=\"https:\/\/he-stil.de\/wp-content\/uploads\/2024\/09\/Slide_Gruppe_03-300x207.jpg\" alt=\"Slide_Gruppe_03\" \/><\/figure><\/div>\t\t\t<\/div>\n\t\t\t\t\t\t\t\n\t\t\t\t\t\t\t\t\t<\/div>\n\t\t\t\t\t\t<\/div>\n\t\t\t\t<\/div>\n\t\t\t\t\t<\/div>\n\t\t\t\t<\/div>\n\t\t\t\t<\/div>\n\t\t","protected":false},"excerpt":{"rendered":"<p>Harmonische Gesundheit Eine ausgewogene Verbindung von Geist, K\u00f6rper und innerer Harmonie erm\u00f6glicht ein ganzheitliches Wohlbefinden, verbessert die Gesundheit und damit die F\u00e4higkeit, den Herausforderungen des Lebens zu begegnen. Der Bundesverband f\u00fcr He-Stil Taijiquan und harmonische Gesundheit e.V. (BHHG) vermittelt und unterst\u00fctzt mit Kursen und Workshops Ihr pers\u00f6nliches Engagement, dies mit Bewegung in Harmonie zu erreichen. [&hellip;]<\/p>\n","protected":false},"author":1,"featured_media":0,"parent":0,"menu_order":0,"comment_status":"closed","ping_status":"closed","template":"","meta":{"ocean_post_layout":"full-screen","ocean_both_sidebars_style":"","ocean_both_sidebars_content_width":0,"ocean_both_sidebars_sidebars_width":0,"ocean_sidebar":"","ocean_second_sidebar":"","ocean_disable_margins":"enable","ocean_add_body_class":"","ocean_shortcode_before_top_bar":"","ocean_shortcode_after_top_bar":"","ocean_shortcode_before_header":"","ocean_shortcode_after_header":"","ocean_has_shortcode":"","ocean_shortcode_after_title":"","ocean_shortcode_before_footer_widgets":"","ocean_shortcode_after_footer_widgets":"","ocean_shortcode_before_footer_bottom":"","ocean_shortcode_after_footer_bottom":"","ocean_display_top_bar":"off","ocean_display_header":"default","ocean_header_style":"","ocean_center_header_left_menu":"","ocean_custom_header_template":"","ocean_custom_logo":0,"ocean_custom_retina_logo":0,"ocean_custom_logo_max_width":0,"ocean_custom_logo_tablet_max_width":0,"ocean_custom_logo_mobile_max_width":0,"ocean_custom_logo_max_height":0,"ocean_custom_logo_tablet_max_height":0,"ocean_custom_logo_mobile_max_height":0,"ocean_header_custom_menu":"","ocean_menu_typo_font_family":"","ocean_menu_typo_font_subset":"","ocean_menu_typo_font_size":0,"ocean_menu_typo_font_size_tablet":0,"ocean_menu_typo_font_size_mobile":0,"ocean_menu_typo_font_size_unit":"px","ocean_menu_typo_font_weight":"","ocean_menu_typo_font_weight_tablet":"","ocean_menu_typo_font_weight_mobile":"","ocean_menu_typo_transform":"","ocean_menu_typo_transform_tablet":"","ocean_menu_typo_transform_mobile":"","ocean_menu_typo_line_height":0,"ocean_menu_typo_line_height_tablet":0,"ocean_menu_typo_line_height_mobile":0,"ocean_menu_typo_line_height_unit":"","ocean_menu_typo_spacing":0,"ocean_menu_typo_spacing_tablet":0,"ocean_menu_typo_spacing_mobile":0,"ocean_menu_typo_spacing_unit":"","ocean_menu_link_color":"","ocean_menu_link_color_hover":"","ocean_menu_link_color_active":"","ocean_menu_link_background":"","ocean_menu_link_hover_background":"","ocean_menu_link_active_background":"","ocean_menu_social_links_bg":"","ocean_menu_social_hover_links_bg":"","ocean_menu_social_links_color":"","ocean_menu_social_hover_links_color":"","ocean_disable_title":"on","ocean_disable_heading":"default","ocean_post_title":"","ocean_post_subheading":"","ocean_post_title_style":"","ocean_post_title_background_color":"","ocean_post_title_background":0,"ocean_post_title_bg_image_position":"","ocean_post_title_bg_image_attachment":"","ocean_post_title_bg_image_repeat":"","ocean_post_title_bg_image_size":"","ocean_post_title_height":0,"ocean_post_title_bg_overlay":0.5,"ocean_post_title_bg_overlay_color":"","ocean_disable_breadcrumbs":"default","ocean_breadcrumbs_color":"","ocean_breadcrumbs_separator_color":"","ocean_breadcrumbs_links_color":"","ocean_breadcrumbs_links_hover_color":"","ocean_display_footer_widgets":"off","ocean_display_footer_bottom":"off","ocean_custom_footer_template":"","footnotes":""},"class_list":["post-210","page","type-page","status-publish","hentry","entry"],"_links":{"self":[{"href":"https:\/\/he-stil.de\/index.php?rest_route=\/wp\/v2\/pages\/210","targetHints":{"allow":["GET"]}}],"collection":[{"href":"https:\/\/he-stil.de\/index.php?rest_route=\/wp\/v2\/pages"}],"about":[{"href":"https:\/\/he-stil.de\/index.php?rest_route=\/wp\/v2\/types\/page"}],"author":[{"embeddable":true,"href":"https:\/\/he-stil.de\/index.php?rest_route=\/wp\/v2\/users\/1"}],"replies":[{"embeddable":true,"href":"https:\/\/he-stil.de\/index.php?rest_route=%2Fwp%2Fv2%2Fcomments&post=210"}],"version-history":[{"count":299,"href":"https:\/\/he-stil.de\/index.php?rest_route=\/wp\/v2\/pages\/210\/revisions"}],"predecessor-version":[{"id":3339,"href":"https:\/\/he-stil.de\/index.php?rest_route=\/wp\/v2\/pages\/210\/revisions\/3339"}],"wp:attachment":[{"href":"https:\/\/he-stil.de\/index.php?rest_route=%2Fwp%2Fv2%2Fmedia&parent=210"}],"curies":[{"name":"wp","href":"https:\/\/api.w.org\/{rel}","templated":true}]}}