{"id":1051,"date":"2024-09-06T14:15:44","date_gmt":"2024-09-06T14:15:44","guid":{"rendered":"https:\/\/he-stil.de\/?page_id=1051"},"modified":"2024-11-25T20:09:38","modified_gmt":"2024-11-25T20:09:38","slug":"he-stil-deutschland","status":"publish","type":"page","link":"https:\/\/he-stil.de\/?page_id=1051","title":{"rendered":"He-Stil Deutschland"},"content":{"rendered":"\t\t<div data-elementor-type=\"wp-page\" data-elementor-id=\"1051\" class=\"elementor elementor-1051\" data-elementor-post-type=\"page\">\n\t\t\t\t<div class=\"elementor-element elementor-element-1f3425e e-flex e-con-boxed e-con e-parent\" data-id=\"1f3425e\" data-element_type=\"container\" data-e-type=\"container\">\n\t\t\t\t\t<div class=\"e-con-inner\">\n\t\t\t\t<div class=\"elementor-element elementor-element-0cebb94 elementor-widget elementor-widget-heading\" data-id=\"0cebb94\" data-element_type=\"widget\" data-e-type=\"widget\" data-widget_type=\"heading.default\">\n\t\t\t\t<div class=\"elementor-widget-container\">\n\t\t\t\t\t<h2 class=\"elementor-heading-title elementor-size-default\">He-Stil Deutschland<\/h2>\t\t\t\t<\/div>\n\t\t\t\t<\/div>\n\t\t\t\t<div class=\"elementor-element elementor-element-070a9e4 elementor-widget elementor-widget-heading\" data-id=\"070a9e4\" data-element_type=\"widget\" data-e-type=\"widget\" data-widget_type=\"heading.default\">\n\t\t\t\t<div class=\"elementor-widget-container\">\n\t\t\t\t\t<h2 class=\"elementor-heading-title elementor-size-default\">He-Stil Meisterin Li Lin<\/h2>\t\t\t\t<\/div>\n\t\t\t\t<\/div>\n\t\t\t\t\t<\/div>\n\t\t\t\t<\/div>\n\t\t<div class=\"elementor-element elementor-element-2d73a81 e-flex e-con-boxed e-con e-parent\" data-id=\"2d73a81\" data-element_type=\"container\" data-e-type=\"container\">\n\t\t\t\t\t<div class=\"e-con-inner\">\n\t\t<div class=\"elementor-element elementor-element-bddc494 e-con-full e-flex e-con e-child\" data-id=\"bddc494\" data-element_type=\"container\" data-e-type=\"container\">\n\t\t\t\t<div class=\"elementor-element elementor-element-ee9f247 elementor-widget elementor-widget-image\" data-id=\"ee9f247\" data-element_type=\"widget\" data-e-type=\"widget\" data-widget_type=\"image.default\">\n\t\t\t\t<div class=\"elementor-widget-container\">\n\t\t\t\t\t\t\t\t\t\t\t\t\t\t\t<img fetchpriority=\"high\" decoding=\"async\" width=\"1536\" height=\"1152\" src=\"https:\/\/he-stil.de\/wp-content\/uploads\/2024\/09\/IMG_0638-1536x1152.jpeg\" class=\"attachment-1536x1536 size-1536x1536 wp-image-1732\" alt=\"\" srcset=\"https:\/\/he-stil.de\/wp-content\/uploads\/2024\/09\/IMG_0638-1536x1152.jpeg 1536w, https:\/\/he-stil.de\/wp-content\/uploads\/2024\/09\/IMG_0638-300x225.jpeg 300w, https:\/\/he-stil.de\/wp-content\/uploads\/2024\/09\/IMG_0638-1024x768.jpeg 1024w, https:\/\/he-stil.de\/wp-content\/uploads\/2024\/09\/IMG_0638-768x576.jpeg 768w, https:\/\/he-stil.de\/wp-content\/uploads\/2024\/09\/IMG_0638.jpeg 2048w\" sizes=\"(max-width: 1536px) 100vw, 1536px\" \/>\t\t\t\t\t\t\t\t\t\t\t\t\t\t\t<\/div>\n\t\t\t\t<\/div>\n\t\t\t\t<\/div>\n\t\t<div class=\"elementor-element elementor-element-a147846 e-con-full e-flex e-con e-child\" data-id=\"a147846\" data-element_type=\"container\" data-e-type=\"container\">\n\t\t\t\t<div class=\"elementor-element elementor-element-fc029ff elementor-widget elementor-widget-text-editor\" data-id=\"fc029ff\" data-element_type=\"widget\" data-e-type=\"widget\" data-widget_type=\"text-editor.default\">\n\t\t\t\t<div class=\"elementor-widget-container\">\n\t\t\t\t\t\t\t\t\t<p>Anfang 2000 hat He-Taiji-Meisterin Li Lin, Sch\u00fclerin und Nachfolgerin in der 6. Generation von Gro\u00dfmeister Hou Erliang (5.Generation), ihre Lehrt\u00e4tigkeit in Deutschland begonnen,<br \/>Seither repr\u00e4sentiert sie im Weltverband des He Taiji Quan die einzige autorisierte deutsche Vertretung der He Taiji Akademie Wenxian.<\/p>\t\t\t\t\t\t\t\t<\/div>\n\t\t\t\t<\/div>\n\t\t\t\t<\/div>\n\t\t\t\t\t<\/div>\n\t\t\t\t<\/div>\n\t\t<div class=\"elementor-element elementor-element-b4c64e0 e-flex e-con-boxed e-con e-parent\" data-id=\"b4c64e0\" data-element_type=\"container\" data-e-type=\"container\">\n\t\t\t\t\t<div class=\"e-con-inner\">\n\t\t<div class=\"elementor-element elementor-element-02f9db7 e-con-full e-flex e-con e-child\" data-id=\"02f9db7\" data-element_type=\"container\" data-e-type=\"container\">\n\t\t\t\t<div class=\"elementor-element elementor-element-78dd0bf elementor-widget elementor-widget-image\" data-id=\"78dd0bf\" data-element_type=\"widget\" data-e-type=\"widget\" data-widget_type=\"image.default\">\n\t\t\t\t<div class=\"elementor-widget-container\">\n\t\t\t\t\t\t\t\t\t\t\t\t\t\t\t<img decoding=\"async\" width=\"1025\" height=\"1536\" src=\"https:\/\/he-stil.de\/wp-content\/uploads\/2024\/09\/IMG_2598-1025x1536.jpg\" class=\"attachment-1536x1536 size-1536x1536 wp-image-1733\" alt=\"\" srcset=\"https:\/\/he-stil.de\/wp-content\/uploads\/2024\/09\/IMG_2598-1025x1536.jpg 1025w, https:\/\/he-stil.de\/wp-content\/uploads\/2024\/09\/IMG_2598-200x300.jpg 200w, https:\/\/he-stil.de\/wp-content\/uploads\/2024\/09\/IMG_2598-684x1024.jpg 684w, https:\/\/he-stil.de\/wp-content\/uploads\/2024\/09\/IMG_2598-768x1150.jpg 768w, https:\/\/he-stil.de\/wp-content\/uploads\/2024\/09\/IMG_2598-1367x2048.jpg 1367w, https:\/\/he-stil.de\/wp-content\/uploads\/2024\/09\/IMG_2598-scaled.jpg 1709w\" sizes=\"(max-width: 1025px) 100vw, 1025px\" \/>\t\t\t\t\t\t\t\t\t\t\t\t\t\t\t<\/div>\n\t\t\t\t<\/div>\n\t\t\t\t<\/div>\n\t\t<div class=\"elementor-element elementor-element-388ca51 e-con-full e-flex e-con e-child\" data-id=\"388ca51\" data-element_type=\"container\" data-e-type=\"container\">\n\t\t\t\t<div class=\"elementor-element elementor-element-59cb73d elementor-widget elementor-widget-text-editor\" data-id=\"59cb73d\" data-element_type=\"widget\" data-e-type=\"widget\" data-widget_type=\"text-editor.default\">\n\t\t\t\t<div class=\"elementor-widget-container\">\n\t\t\t\t\t\t\t\t\t<p>Meisterin Lin blickt auf \u00fcber drei\u00dfig Jahre Tai-Chi Kung Fu-Praxis zur\u00fcck. Ihre Expertise zeigt sich in verschiedenen Aspekten des Kampfkunst, darunter Taiji Push-Hands, Freistilk\u00e4mpfe, Taiji Qin Na, Grappling, Wurf- und Sperrtechniken.<\/p><p>Dar\u00fcber hinaus beherrscht Meisterin Lin Taiji Qigong und ist in den Bereichen taoistischer und konfuzianischer Philosophie t\u00e4tig. <br \/>Sie versteht die Bedeutung und den praktischen Einsatz von Wu Xing und Ba Gua in den Taiji-Prinzipien hervorragend.<br \/>Ihre Arbeiten fanden Anerkennung im Deutschen Taichi-Bund (DTB).<\/p>\t\t\t\t\t\t\t\t<\/div>\n\t\t\t\t<\/div>\n\t\t\t\t<\/div>\n\t\t\t\t\t<\/div>\n\t\t\t\t<\/div>\n\t\t<div class=\"elementor-element elementor-element-972be3c e-flex e-con-boxed e-con e-parent\" data-id=\"972be3c\" data-element_type=\"container\" data-e-type=\"container\">\n\t\t\t\t\t<div class=\"e-con-inner\">\n\t\t<div class=\"elementor-element elementor-element-3dd4d8e e-con-full e-flex e-con e-child\" data-id=\"3dd4d8e\" data-element_type=\"container\" data-e-type=\"container\">\n\t\t\t\t<div class=\"elementor-element elementor-element-89d5895 elementor-widget elementor-widget-image\" data-id=\"89d5895\" data-element_type=\"widget\" data-e-type=\"widget\" data-widget_type=\"image.default\">\n\t\t\t\t<div class=\"elementor-widget-container\">\n\t\t\t\t\t\t\t\t\t\t\t\t\t\t\t<img decoding=\"async\" width=\"1536\" height=\"1152\" src=\"https:\/\/he-stil.de\/wp-content\/uploads\/2024\/09\/2024.07.21_002-1536x1152.jpg\" class=\"attachment-1536x1536 size-1536x1536 wp-image-1603\" alt=\"\" srcset=\"https:\/\/he-stil.de\/wp-content\/uploads\/2024\/09\/2024.07.21_002-1536x1152.jpg 1536w, https:\/\/he-stil.de\/wp-content\/uploads\/2024\/09\/2024.07.21_002-300x225.jpg 300w, https:\/\/he-stil.de\/wp-content\/uploads\/2024\/09\/2024.07.21_002-1024x768.jpg 1024w, https:\/\/he-stil.de\/wp-content\/uploads\/2024\/09\/2024.07.21_002-768x576.jpg 768w, https:\/\/he-stil.de\/wp-content\/uploads\/2024\/09\/2024.07.21_002.jpg 1600w\" sizes=\"(max-width: 1536px) 100vw, 1536px\" \/>\t\t\t\t\t\t\t\t\t\t\t\t\t\t\t<\/div>\n\t\t\t\t<\/div>\n\t\t\t\t<\/div>\n\t\t<div class=\"elementor-element elementor-element-eac7388 e-con-full e-flex e-con e-child\" data-id=\"eac7388\" data-element_type=\"container\" data-e-type=\"container\">\n\t\t\t\t<div class=\"elementor-element elementor-element-3ffc9b9 elementor-widget elementor-widget-text-editor\" data-id=\"3ffc9b9\" data-element_type=\"widget\" data-e-type=\"widget\" data-widget_type=\"text-editor.default\">\n\t\t\t\t<div class=\"elementor-widget-container\">\n\t\t\t\t\t\t\t\t\t<p>Meisterin Lin hat bei zahlreichen Wettk\u00e4mpfen bemerkenswerte Erfolge erzielt, darunter den zweiten Preis im He-Stil Taijiquan und Stockkampf, sowie den ersten Preis im He-Stil Taiji-Schwertkampf. <br \/>Sie gewann auch den ersten Platz beim 6. Austauschwettbewerb f\u00fcr Wenxian He-Taijiquan und beim Vorf\u00fchrungstreffen des immateriellen Kulturerbes He-Taijiquan.<\/p>\t\t\t\t\t\t\t\t<\/div>\n\t\t\t\t<\/div>\n\t\t\t\t<\/div>\n\t\t\t\t\t<\/div>\n\t\t\t\t<\/div>\n\t\t<div class=\"elementor-element elementor-element-ef65e67 e-flex e-con-boxed e-con e-parent\" data-id=\"ef65e67\" data-element_type=\"container\" data-e-type=\"container\">\n\t\t\t\t\t<div class=\"e-con-inner\">\n\t\t<div class=\"elementor-element elementor-element-1e54073 e-con-full e-flex e-con e-child\" data-id=\"1e54073\" data-element_type=\"container\" data-e-type=\"container\">\n\t\t\t\t<div class=\"elementor-element elementor-element-753baf2 elementor-widget elementor-widget-image\" data-id=\"753baf2\" data-element_type=\"widget\" data-e-type=\"widget\" data-widget_type=\"image.default\">\n\t\t\t\t<div class=\"elementor-widget-container\">\n\t\t\t\t\t\t\t\t\t\t\t\t\t\t\t<img loading=\"lazy\" decoding=\"async\" width=\"1024\" height=\"705\" src=\"https:\/\/he-stil.de\/wp-content\/uploads\/2024\/09\/Slide_Li_Haende_01-1024x705.jpg\" class=\"attachment-large size-large wp-image-1025\" alt=\"\" srcset=\"https:\/\/he-stil.de\/wp-content\/uploads\/2024\/09\/Slide_Li_Haende_01-1024x705.jpg 1024w, https:\/\/he-stil.de\/wp-content\/uploads\/2024\/09\/Slide_Li_Haende_01-300x207.jpg 300w, https:\/\/he-stil.de\/wp-content\/uploads\/2024\/09\/Slide_Li_Haende_01-768x529.jpg 768w, https:\/\/he-stil.de\/wp-content\/uploads\/2024\/09\/Slide_Li_Haende_01-1536x1058.jpg 1536w, https:\/\/he-stil.de\/wp-content\/uploads\/2024\/09\/Slide_Li_Haende_01.jpg 1878w\" sizes=\"(max-width: 1024px) 100vw, 1024px\" \/>\t\t\t\t\t\t\t\t\t\t\t\t\t\t\t<\/div>\n\t\t\t\t<\/div>\n\t\t\t\t<\/div>\n\t\t<div class=\"elementor-element elementor-element-14df13c e-con-full e-flex e-con e-child\" data-id=\"14df13c\" data-element_type=\"container\" data-e-type=\"container\">\n\t\t\t\t<div class=\"elementor-element elementor-element-22d0ee2 elementor-widget elementor-widget-text-editor\" data-id=\"22d0ee2\" data-element_type=\"widget\" data-e-type=\"widget\" data-widget_type=\"text-editor.default\">\n\t\t\t\t<div class=\"elementor-widget-container\">\n\t\t\t\t\t\t\t\t\t<p>Des Weiteren ist Meisterin Lin derzeit die Vorsitzende vom Bundesverband f\u00fcr He-Stil Taiji Quan und harmonische Gesundheit e.V., sowie Taiji He Germany. <br \/><br \/>Sie leitet Taiji- und Kung-Fu-Kurse an der Chinesischen Schule in Stuttgart, sowie seit Ende 2017 Trainings in der BIG-WNS\u00dcD Taiji-Gruppe in Waiblingen. <br \/>Dar\u00fcber hinaus ist sie von der Chinesischen Wushu-Vereinigung als 6. Dan anerkannt.<\/p>\t\t\t\t\t\t\t\t<\/div>\n\t\t\t\t<\/div>\n\t\t\t\t<\/div>\n\t\t\t\t\t<\/div>\n\t\t\t\t<\/div>\n\t\t\t\t<\/div>\n\t\t","protected":false},"excerpt":{"rendered":"<p>He-Stil Deutschland He-Stil Meisterin Li Lin Anfang 2000 hat He-Taiji-Meisterin Li Lin, Sch\u00fclerin und Nachfolgerin in der 6. Generation von Gro\u00dfmeister Hou Erliang (5.Generation), ihre Lehrt\u00e4tigkeit in Deutschland begonnen,Seither repr\u00e4sentiert sie im Weltverband des He Taiji Quan die einzige autorisierte deutsche Vertretung der He Taiji Akademie Wenxian. Meisterin Lin blickt auf \u00fcber drei\u00dfig Jahre Tai-Chi [&hellip;]<\/p>\n","protected":false},"author":1,"featured_media":0,"parent":0,"menu_order":0,"comment_status":"closed","ping_status":"closed","template":"","meta":{"ocean_post_layout":"full-screen","ocean_both_sidebars_style":"","ocean_both_sidebars_content_width":0,"ocean_both_sidebars_sidebars_width":0,"ocean_sidebar":"","ocean_second_sidebar":"","ocean_disable_margins":"enable","ocean_add_body_class":"","ocean_shortcode_before_top_bar":"","ocean_shortcode_after_top_bar":"","ocean_shortcode_before_header":"","ocean_shortcode_after_header":"","ocean_has_shortcode":"","ocean_shortcode_after_title":"","ocean_shortcode_before_footer_widgets":"","ocean_shortcode_after_footer_widgets":"","ocean_shortcode_before_footer_bottom":"","ocean_shortcode_after_footer_bottom":"","ocean_display_top_bar":"off","ocean_display_header":"default","ocean_header_style":"","ocean_center_header_left_menu":"","ocean_custom_header_template":"","ocean_custom_logo":0,"ocean_custom_retina_logo":0,"ocean_custom_logo_max_width":0,"ocean_custom_logo_tablet_max_width":0,"ocean_custom_logo_mobile_max_width":0,"ocean_custom_logo_max_height":0,"ocean_custom_logo_tablet_max_height":0,"ocean_custom_logo_mobile_max_height":0,"ocean_header_custom_menu":"","ocean_menu_typo_font_family":"","ocean_menu_typo_font_subset":"","ocean_menu_typo_font_size":0,"ocean_menu_typo_font_size_tablet":0,"ocean_menu_typo_font_size_mobile":0,"ocean_menu_typo_font_size_unit":"px","ocean_menu_typo_font_weight":"","ocean_menu_typo_font_weight_tablet":"","ocean_menu_typo_font_weight_mobile":"","ocean_menu_typo_transform":"","ocean_menu_typo_transform_tablet":"","ocean_menu_typo_transform_mobile":"","ocean_menu_typo_line_height":0,"ocean_menu_typo_line_height_tablet":0,"ocean_menu_typo_line_height_mobile":0,"ocean_menu_typo_line_height_unit":"","ocean_menu_typo_spacing":0,"ocean_menu_typo_spacing_tablet":0,"ocean_menu_typo_spacing_mobile":0,"ocean_menu_typo_spacing_unit":"","ocean_menu_link_color":"","ocean_menu_link_color_hover":"","ocean_menu_link_color_active":"","ocean_menu_link_background":"","ocean_menu_link_hover_background":"","ocean_menu_link_active_background":"","ocean_menu_social_links_bg":"","ocean_menu_social_hover_links_bg":"","ocean_menu_social_links_color":"","ocean_menu_social_hover_links_color":"","ocean_disable_title":"on","ocean_disable_heading":"default","ocean_post_title":"","ocean_post_subheading":"","ocean_post_title_style":"","ocean_post_title_background_color":"","ocean_post_title_background":0,"ocean_post_title_bg_image_position":"","ocean_post_title_bg_image_attachment":"","ocean_post_title_bg_image_repeat":"","ocean_post_title_bg_image_size":"","ocean_post_title_height":0,"ocean_post_title_bg_overlay":0.5,"ocean_post_title_bg_overlay_color":"","ocean_disable_breadcrumbs":"default","ocean_breadcrumbs_color":"","ocean_breadcrumbs_separator_color":"","ocean_breadcrumbs_links_color":"","ocean_breadcrumbs_links_hover_color":"","ocean_display_footer_widgets":"off","ocean_display_footer_bottom":"off","ocean_custom_footer_template":"","footnotes":""},"class_list":["post-1051","page","type-page","status-publish","hentry","entry"],"_links":{"self":[{"href":"https:\/\/he-stil.de\/index.php?rest_route=\/wp\/v2\/pages\/1051","targetHints":{"allow":["GET"]}}],"collection":[{"href":"https:\/\/he-stil.de\/index.php?rest_route=\/wp\/v2\/pages"}],"about":[{"href":"https:\/\/he-stil.de\/index.php?rest_route=\/wp\/v2\/types\/page"}],"author":[{"embeddable":true,"href":"https:\/\/he-stil.de\/index.php?rest_route=\/wp\/v2\/users\/1"}],"replies":[{"embeddable":true,"href":"https:\/\/he-stil.de\/index.php?rest_route=%2Fwp%2Fv2%2Fcomments&post=1051"}],"version-history":[{"count":26,"href":"https:\/\/he-stil.de\/index.php?rest_route=\/wp\/v2\/pages\/1051\/revisions"}],"predecessor-version":[{"id":2516,"href":"https:\/\/he-stil.de\/index.php?rest_route=\/wp\/v2\/pages\/1051\/revisions\/2516"}],"wp:attachment":[{"href":"https:\/\/he-stil.de\/index.php?rest_route=%2Fwp%2Fv2%2Fmedia&parent=1051"}],"curies":[{"name":"wp","href":"https:\/\/api.w.org\/{rel}","templated":true}]}}