{"id":1048,"date":"2024-09-06T14:14:50","date_gmt":"2024-09-06T14:14:50","guid":{"rendered":"https:\/\/he-stil.de\/?page_id=1048"},"modified":"2025-01-07T08:36:29","modified_gmt":"2025-01-07T08:36:29","slug":"he-stil-heute","status":"publish","type":"page","link":"https:\/\/he-stil.de\/?page_id=1048","title":{"rendered":"He-Stil heute"},"content":{"rendered":"\t\t<div data-elementor-type=\"wp-page\" data-elementor-id=\"1048\" class=\"elementor elementor-1048\" data-elementor-post-type=\"page\">\n\t\t\t\t<div class=\"elementor-element elementor-element-dfc35e5 e-flex e-con-boxed e-con e-parent\" data-id=\"dfc35e5\" data-element_type=\"container\" data-e-type=\"container\">\n\t\t\t\t\t<div class=\"e-con-inner\">\n\t\t\t\t<div class=\"elementor-element elementor-element-00e0fc0 elementor-widget elementor-widget-heading\" data-id=\"00e0fc0\" data-element_type=\"widget\" data-e-type=\"widget\" data-widget_type=\"heading.default\">\n\t\t\t\t<div class=\"elementor-widget-container\">\n\t\t\t\t\t<h2 class=\"elementor-heading-title elementor-size-default\">He-Stil heute<\/h2>\t\t\t\t<\/div>\n\t\t\t\t<\/div>\n\t\t\t\t<div class=\"elementor-element elementor-element-9d87454 elementor-widget elementor-widget-heading\" data-id=\"9d87454\" data-element_type=\"widget\" data-e-type=\"widget\" data-widget_type=\"heading.default\">\n\t\t\t\t<div class=\"elementor-widget-container\">\n\t\t\t\t\t<h2 class=\"elementor-heading-title elementor-size-default\">He-Stil Taijiquan \u2013 nach H\u00e9 Zh\u00e0oyu\u00e1n (1810\u20131890)<\/h2>\t\t\t\t<\/div>\n\t\t\t\t<\/div>\n\t\t\t\t<div class=\"elementor-element elementor-element-23fb000 elementor-widget elementor-widget-text-editor\" data-id=\"23fb000\" data-element_type=\"widget\" data-e-type=\"widget\" data-widget_type=\"text-editor.default\">\n\t\t\t\t<div class=\"elementor-widget-container\">\n\t\t\t\t\t\t\t\t\t<p>&#8222;Eine Bewegung zu erreichen, die leicht wie eine Wolke und fl\u00fcssig wie Wasser ist&#8220;.<br \/>&#8222;Gesundheit mit Harmonie ist die Kunst die Lebensenergie zu wecken, zu lenken und zu pflegen, um K\u00f6rper und Geist in Einklang zu bringen.&#8220;<\/p>\t\t\t\t\t\t\t\t<\/div>\n\t\t\t\t<\/div>\n\t\t\t\t<div class=\"elementor-element elementor-element-142f248 elementor-widget elementor-widget-text-editor\" data-id=\"142f248\" data-element_type=\"widget\" data-e-type=\"widget\" data-widget_type=\"text-editor.default\">\n\t\t\t\t<div class=\"elementor-widget-container\">\n\t\t\t\t\t\t\t\t\t<p>Nach Gr\u00fcndung der Volksrepublik China 1949 wurde der bis dahin sehr regional ausge\u00fcbte He-Stil, durch eine zunehmend beh\u00f6rdliche Aufmerksamkeit in der \u00d6ffentlichkeit intensiver wahrgenommen und gef\u00f6rdert. <br \/>Im Jahr 1993 gr\u00fcndeten He Youlu, He Dingqian und He Xuejian zusammen mit Sch\u00fclern aus verschiedenen Orten die \u201eHe-Stil Research Association\u201c. <br \/>Ji Changxiu gr\u00fcndete in Hongkong die \u201eHong Kong He-Stil Martial Arts (International) Federation\u201c, fungierte als deren Pr\u00e4sidentin. Sie f\u00f6rderte aktiv den He-Stil im Ausland und erzielte hierbei bemerkenswerte Ergebnisse. In den letzten Jahren haben ihre Nachfolger, bei verschiedenen Kampfsportwettbewerben im In- und Ausland mit He-Stil Taijiquan, herausragende Erfolge errungen. <br \/>Ab August 2003 wurden He-Stil Taijiquan Forschungsgesellschaften in Jiaozuo, Boai, Zhengzhou, Luohe, Chongqing, Jiangsu, Hubei, sowie weiteren Orten gegr\u00fcndet. <br \/>Bereits seit 2014 chinesisches immaterielles Kulturerbe, wurde Taijiquan He-Stil\u00a0 2021 auch als immaterielles Weltkulturerbe anerkannt.<br \/><br \/>Die He-Taiji Form betont die Einfachheit und verbindet Bewegung mit Meditation &amp; Qigong. Sie bringt mit Kreisbewegungen Energie zum Flie\u00dfen und sorgt f\u00fcr Heilung und harmonische Fitness. Die \u00c4sthetik und Philosophie ist inspiriert von der Natur, dr\u00fcckt sich in der Art der harmonisch eleganten Bewegungen aus, harmonisiert die Anatomie des K\u00f6rpers und l\u00e4sst gleichzeitig das Qi flie\u00dfen.<\/p>\t\t\t\t\t\t\t\t<\/div>\n\t\t\t\t<\/div>\n\t\t\t\t\t<\/div>\n\t\t\t\t<\/div>\n\t\t<div class=\"elementor-element elementor-element-9270ed3 e-flex e-con-boxed e-con e-parent\" data-id=\"9270ed3\" data-element_type=\"container\" data-e-type=\"container\">\n\t\t\t\t\t<div class=\"e-con-inner\">\n\t\t<div class=\"elementor-element elementor-element-06e8f07 e-con-full e-flex e-con e-child\" data-id=\"06e8f07\" data-element_type=\"container\" data-e-type=\"container\">\n\t\t\t\t<div class=\"elementor-element elementor-element-13799fb elementor-widget elementor-widget-image\" data-id=\"13799fb\" data-element_type=\"widget\" data-e-type=\"widget\" data-widget_type=\"image.default\">\n\t\t\t\t<div class=\"elementor-widget-container\">\n\t\t\t\t\t\t\t\t\t\t\t\t\t\t\t<img fetchpriority=\"high\" decoding=\"async\" width=\"252\" height=\"1024\" src=\"https:\/\/he-stil.de\/wp-content\/uploads\/2024\/10\/4.jpg\" class=\"attachment-1536x1536 size-1536x1536 wp-image-2064\" alt=\"\" srcset=\"https:\/\/he-stil.de\/wp-content\/uploads\/2024\/10\/4.jpg 252w, https:\/\/he-stil.de\/wp-content\/uploads\/2024\/10\/4-74x300.jpg 74w\" sizes=\"(max-width: 252px) 100vw, 252px\" \/>\t\t\t\t\t\t\t\t\t\t\t\t\t\t\t<\/div>\n\t\t\t\t<\/div>\n\t\t\t\t<div class=\"elementor-element elementor-element-de529e5 elementor-widget elementor-widget-image\" data-id=\"de529e5\" data-element_type=\"widget\" data-e-type=\"widget\" data-widget_type=\"image.default\">\n\t\t\t\t<div class=\"elementor-widget-container\">\n\t\t\t\t\t\t\t\t\t\t\t\t\t\t\t<img decoding=\"async\" width=\"796\" height=\"1024\" src=\"https:\/\/he-stil.de\/wp-content\/uploads\/2024\/10\/aIMG_79890-796x1024.jpg\" class=\"attachment-large size-large wp-image-2067\" alt=\"\" srcset=\"https:\/\/he-stil.de\/wp-content\/uploads\/2024\/10\/aIMG_79890-796x1024.jpg 796w, https:\/\/he-stil.de\/wp-content\/uploads\/2024\/10\/aIMG_79890-233x300.jpg 233w, https:\/\/he-stil.de\/wp-content\/uploads\/2024\/10\/aIMG_79890-768x988.jpg 768w, https:\/\/he-stil.de\/wp-content\/uploads\/2024\/10\/aIMG_79890.jpg 850w\" sizes=\"(max-width: 796px) 100vw, 796px\" \/>\t\t\t\t\t\t\t\t\t\t\t\t\t\t\t<\/div>\n\t\t\t\t<\/div>\n\t\t\t\t<\/div>\n\t\t<div class=\"elementor-element elementor-element-833e022 e-con-full e-flex e-con e-child\" data-id=\"833e022\" data-element_type=\"container\" data-e-type=\"container\">\n\t\t\t\t<div class=\"elementor-element elementor-element-13da6f1 elementor-widget elementor-widget-text-editor\" data-id=\"13da6f1\" data-element_type=\"widget\" data-e-type=\"widget\" data-widget_type=\"text-editor.default\">\n\t\t\t\t<div class=\"elementor-widget-container\">\n\t\t\t\t\t\t\t\t\t<ul><li>Die Basis<br \/>Ein ausgeglichenes Zusammenspiel von K\u00f6rper und Geist bildet die Grundlage f\u00fcr ein gesundes, robustes Immunsystem und emotionales Wohlbefinden. Innere Harmonie f\u00f6rdert eine effiziente Stressbew\u00e4ltigung, unterst\u00fctzt einen gesunden Lebensstil und steigert langfristig die Lebensqualit\u00e4t.<br \/>Die ausgewogene Verbindung von Gesundheit und Harmonie erm\u00f6glicht daher ein ganzheitliches Wohlbefinden und verbessert die F\u00e4higkeit, den Herausforderungen des Lebens zu begegnen.<br \/><br \/><\/li><li>Das Lernkonzept<br \/>Die Ausbildung im He Taiji Quan erfolgt aufbauend in 8 Lernstufen. Jedoch ist es jeder\/jedem Teilnehmenden selbst \u00fcberlassen ist, welches Ziel sie\/er letztendlich erreichen will. Um in die jeweils n\u00e4chste Stufe zu gelangen, m\u00fcssen die jeweils dahinf\u00fchrenden Seminare und\/oder Kurse durchlaufen und mit einem Teilnahmezertifikat abgeschlossen werden.<br \/>Neben den \u00fcber unsere Akademie gebuchten zertifizierten Kursen besteht auch die M\u00f6glichkeit, Taiji Quan He-Stil \u00fcber verschiedene Kursangebote \u00f6ffentlicher Bildungseinrichtungen wie z.B. Volkshochschulen unverbindlich kennenzulernen.<br \/><br \/><\/li><li>Die Kurse \/ Seminare<br \/>Effektiv und unterhaltsam \u2013 von der Aufw\u00e4rmphase bis zum Qigong \u2013 unabh\u00e4ngig davon, ob man Formen lernt, Push Hands \u00fcbt, oder sich f\u00fcr Taiji-Formen mit Stock, F\u00e4cher oder Schwert interessiert. <br \/>Die von uns, bzw. \u00fcber uns angebotenen Kurse \/ Seminare, Trainingseinheiten sowie \u00dcbungsanleitungen gew\u00e4hrleisten ein sanftes Hinf\u00fchren zu einem aktiven Lebensstil, der sowohl sportlich den K\u00f6rper fordert, aber auch kognitiv stimuliert und f\u00f6rdert.<br \/>Entspannungstechniken, sowie Atem\u00fcbungen runden das Training ab.<br \/>Neben seiner hervorragenden Heilwirkung wird bei diesem Taijiquan-Stil auch besonders die Kampfkunst betont.<br \/><br \/><\/li><li>Die Formen<br \/>Die Bewegungsabl\u00e4ufe im He-Stil sind sanft, kreisf\u00f6rmig und nat\u00fcrlich. Der Ablaufrhythmus kann entweder schnell oder langsam, der Rahmen der Bewegungen entweder gro\u00df oder klein sein. <br \/>Regelm\u00e4\u00dfige \u00dcbungen zielen darauf ab:<ul><li>das Immunsystem zu st\u00e4rken<\/li><li>Stress zu reduzieren<\/li><li>den Blutdruck zu senken<\/li><li>das Gleichgewicht zu trainieren<\/li><li>St\u00fcrze bei \u00e4lteren Menschen zu verhindern<\/li><li>Schmerzen bei Arthrose zu lindern<\/li><li>bewusste und aktive Entspannung zu trainieren<\/li><li>die Wahrnehmungsf\u00e4higkeit zu f\u00f6rdern<\/li><li>kognitive F\u00e4higkeiten zu verbessern<\/li><li>sich einfach rundherum wohlzuf\u00fchlen<\/li><\/ul><\/li><\/ul>\t\t\t\t\t\t\t\t<\/div>\n\t\t\t\t<\/div>\n\t\t\t\t<\/div>\n\t\t\t\t\t<\/div>\n\t\t\t\t<\/div>\n\t\t\t\t<\/div>\n\t\t","protected":false},"excerpt":{"rendered":"<p>He-Stil heute He-Stil Taijiquan \u2013 nach H\u00e9 Zh\u00e0oyu\u00e1n (1810\u20131890) &#8222;Eine Bewegung zu erreichen, die leicht wie eine Wolke und fl\u00fcssig wie Wasser ist&#8220;.&#8222;Gesundheit mit Harmonie ist die Kunst die Lebensenergie zu wecken, zu lenken und zu pflegen, um K\u00f6rper und Geist in Einklang zu bringen.&#8220; Nach Gr\u00fcndung der Volksrepublik China 1949 wurde der bis dahin [&hellip;]<\/p>\n","protected":false},"author":1,"featured_media":0,"parent":0,"menu_order":0,"comment_status":"closed","ping_status":"closed","template":"","meta":{"ocean_post_layout":"full-screen","ocean_both_sidebars_style":"","ocean_both_sidebars_content_width":0,"ocean_both_sidebars_sidebars_width":0,"ocean_sidebar":"","ocean_second_sidebar":"","ocean_disable_margins":"enable","ocean_add_body_class":"","ocean_shortcode_before_top_bar":"","ocean_shortcode_after_top_bar":"","ocean_shortcode_before_header":"","ocean_shortcode_after_header":"","ocean_has_shortcode":"","ocean_shortcode_after_title":"","ocean_shortcode_before_footer_widgets":"","ocean_shortcode_after_footer_widgets":"","ocean_shortcode_before_footer_bottom":"","ocean_shortcode_after_footer_bottom":"","ocean_display_top_bar":"off","ocean_display_header":"default","ocean_header_style":"","ocean_center_header_left_menu":"","ocean_custom_header_template":"","ocean_custom_logo":0,"ocean_custom_retina_logo":0,"ocean_custom_logo_max_width":0,"ocean_custom_logo_tablet_max_width":0,"ocean_custom_logo_mobile_max_width":0,"ocean_custom_logo_max_height":0,"ocean_custom_logo_tablet_max_height":0,"ocean_custom_logo_mobile_max_height":0,"ocean_header_custom_menu":"","ocean_menu_typo_font_family":"","ocean_menu_typo_font_subset":"","ocean_menu_typo_font_size":0,"ocean_menu_typo_font_size_tablet":0,"ocean_menu_typo_font_size_mobile":0,"ocean_menu_typo_font_size_unit":"px","ocean_menu_typo_font_weight":"","ocean_menu_typo_font_weight_tablet":"","ocean_menu_typo_font_weight_mobile":"","ocean_menu_typo_transform":"","ocean_menu_typo_transform_tablet":"","ocean_menu_typo_transform_mobile":"","ocean_menu_typo_line_height":0,"ocean_menu_typo_line_height_tablet":0,"ocean_menu_typo_line_height_mobile":0,"ocean_menu_typo_line_height_unit":"","ocean_menu_typo_spacing":0,"ocean_menu_typo_spacing_tablet":0,"ocean_menu_typo_spacing_mobile":0,"ocean_menu_typo_spacing_unit":"","ocean_menu_link_color":"","ocean_menu_link_color_hover":"","ocean_menu_link_color_active":"","ocean_menu_link_background":"","ocean_menu_link_hover_background":"","ocean_menu_link_active_background":"","ocean_menu_social_links_bg":"","ocean_menu_social_hover_links_bg":"","ocean_menu_social_links_color":"","ocean_menu_social_hover_links_color":"","ocean_disable_title":"on","ocean_disable_heading":"default","ocean_post_title":"","ocean_post_subheading":"","ocean_post_title_style":"","ocean_post_title_background_color":"","ocean_post_title_background":0,"ocean_post_title_bg_image_position":"","ocean_post_title_bg_image_attachment":"","ocean_post_title_bg_image_repeat":"","ocean_post_title_bg_image_size":"","ocean_post_title_height":0,"ocean_post_title_bg_overlay":0.5,"ocean_post_title_bg_overlay_color":"","ocean_disable_breadcrumbs":"default","ocean_breadcrumbs_color":"","ocean_breadcrumbs_separator_color":"","ocean_breadcrumbs_links_color":"","ocean_breadcrumbs_links_hover_color":"","ocean_display_footer_widgets":"off","ocean_display_footer_bottom":"off","ocean_custom_footer_template":"","footnotes":""},"class_list":["post-1048","page","type-page","status-publish","hentry","entry"],"_links":{"self":[{"href":"https:\/\/he-stil.de\/index.php?rest_route=\/wp\/v2\/pages\/1048","targetHints":{"allow":["GET"]}}],"collection":[{"href":"https:\/\/he-stil.de\/index.php?rest_route=\/wp\/v2\/pages"}],"about":[{"href":"https:\/\/he-stil.de\/index.php?rest_route=\/wp\/v2\/types\/page"}],"author":[{"embeddable":true,"href":"https:\/\/he-stil.de\/index.php?rest_route=\/wp\/v2\/users\/1"}],"replies":[{"embeddable":true,"href":"https:\/\/he-stil.de\/index.php?rest_route=%2Fwp%2Fv2%2Fcomments&post=1048"}],"version-history":[{"count":32,"href":"https:\/\/he-stil.de\/index.php?rest_route=\/wp\/v2\/pages\/1048\/revisions"}],"predecessor-version":[{"id":2869,"href":"https:\/\/he-stil.de\/index.php?rest_route=\/wp\/v2\/pages\/1048\/revisions\/2869"}],"wp:attachment":[{"href":"https:\/\/he-stil.de\/index.php?rest_route=%2Fwp%2Fv2%2Fmedia&parent=1048"}],"curies":[{"name":"wp","href":"https:\/\/api.w.org\/{rel}","templated":true}]}}